{"id":50,"date":"2014-11-28T13:14:36","date_gmt":"2014-11-28T11:14:36","guid":{"rendered":"http:\/\/www.angerinitiative.de\/?page_id=50"},"modified":"2026-02-24T12:25:26","modified_gmt":"2026-02-24T11:25:26","slug":"kontakt","status":"publish","type":"page","link":"https:\/\/www.angerinitiative.de\/?page_id=50","title":{"rendered":"Kontakt"},"content":{"rendered":"<h3><span style=\"color: #008000;\"><strong>Unsere \u00d6ffnungszeiten:<\/strong><\/span><\/h3>\n<p>Montag &#8211; Freitag<\/p>\n<p>11:00 &#8211; 17:00 Uhr<\/p>\n<p><span style=\"color: #008000;\"><strong>So k\u00f6nnen sie uns erreichen:<\/strong><\/span><\/p>\n<p>Angerinitiative e.V.<\/p>\n<p>&#8222;Hort unterm Regenbogen&#8220;<\/p>\n<p>Michael-Vogel-Stra\u00dfe 63<\/p>\n<p>91052 Erlangen<\/p>\n<p><span style=\"color: #008000;\"><strong>Ansprechpartnerin\/Hortleitung:<\/strong><\/span><\/p>\n<p>Irene Nein<\/p>\n<p><span style=\"color: #008000;\"><strong>Telefon:<\/strong><\/span> 09131 &#8211; 304184<\/p>\n<p><span style=\"color: #008000;\"><strong>Email:<\/strong><\/span> hort@angerinitiative.de<\/p>\n","protected":false},"excerpt":{"rendered":"<p>Unsere \u00d6ffnungszeiten: Montag &#8211; Freitag 11:00 &#8211; 17:00 Uhr So k\u00f6nnen sie uns erreichen: Angerinitiative e.V. &#8222;Hort unterm Regenbogen&#8220; Michael-Vogel-Stra\u00dfe 63 91052 Erlangen Ansprechpartnerin\/Hortleitung: Irene Nein Telefon: 09131 &#8211; 304184 Email: hort@angerinitiative.de<\/p>\n","protected":false},"author":1,"featured_media":0,"parent":36,"menu_order":11,"comment_status":"open","ping_status":"closed","template":"","meta":{"footnotes":""},"class_list":["post-50","page","type-page","status-publish","czr-hentry"],"_links":{"self":[{"href":"https:\/\/www.angerinitiative.de\/index.php?rest_route=\/wp\/v2\/pages\/50","targetHints":{"allow":["GET"]}}],"collection":[{"href":"https:\/\/www.angerinitiative.de\/index.php?rest_route=\/wp\/v2\/pages"}],"about":[{"href":"https:\/\/www.angerinitiative.de\/index.php?rest_route=\/wp\/v2\/types\/page"}],"author":[{"embeddable":true,"href":"https:\/\/www.angerinitiative.de\/index.php?rest_route=\/wp\/v2\/users\/1"}],"replies":[{"embeddable":true,"href":"https:\/\/www.angerinitiative.de\/index.php?rest_route=%2Fwp%2Fv2%2Fcomments&post=50"}],"version-history":[{"count":9,"href":"https:\/\/www.angerinitiative.de\/index.php?rest_route=\/wp\/v2\/pages\/50\/revisions"}],"predecessor-version":[{"id":3425,"href":"https:\/\/www.angerinitiative.de\/index.php?rest_route=\/wp\/v2\/pages\/50\/revisions\/3425"}],"up":[{"embeddable":true,"href":"https:\/\/www.angerinitiative.de\/index.php?rest_route=\/wp\/v2\/pages\/36"}],"wp:attachment":[{"href":"https:\/\/www.angerinitiative.de\/index.php?rest_route=%2Fwp%2Fv2%2Fmedia&parent=50"}],"curies":[{"name":"wp","href":"https:\/\/api.w.org\/{rel}","templated":true}]}}