{"id":44,"date":"2014-11-28T13:14:01","date_gmt":"2014-11-28T11:14:01","guid":{"rendered":"http:\/\/www.angerinitiative.de\/?page_id=44"},"modified":"2025-10-02T15:54:47","modified_gmt":"2025-10-02T14:54:47","slug":"der-tagesablauf","status":"publish","type":"page","link":"https:\/\/www.angerinitiative.de\/?page_id=44","title":{"rendered":"Tagesablauf"},"content":{"rendered":"<h2><span style=\"color: #008000;\">Allgemeine Informationen dazu:<\/span><\/h2>\n<p>Vorbereitungszeiten der Betreuungskr\u00e4fte (vormittags und nach Hortende):<br \/>\nRaum f\u00fcr Eltern-, Lehrergespr\u00e4che, Gespr\u00e4che mit Fachpersonal anderer Institutionen, administrative Aufgaben, Eink\u00e4ufe, Tagesvorbereitungen, Anleitungsgespr\u00e4che, Dokumentationen.<\/p>\n<h3><span style=\"color: #008000;\">Die Kinder<\/span><\/h3>\n<p>\u2022 <em><span style=\"color: #008000;\">Ankommen<\/span><\/em> der Kinder direkt nach Schulschluss in den Hort von 11.30 bis 13.30 Uhr<\/p>\n<p>\u2022 <em><span style=\"color: #008000;\">Tischdeckdienst<\/span><\/em> 12.50 \u2013 13.00 Uhr<a href=\"http:\/\/www.angerinitiative.de\/wp-content\/uploads\/2015\/05\/Schnitzeljagd-Angebot-Nazli-060.jpg\"><img loading=\"lazy\" decoding=\"async\" class=\"wp-image-417 alignright\" src=\"http:\/\/www.angerinitiative.de\/wp-content\/uploads\/2015\/05\/Schnitzeljagd-Angebot-Nazli-060-300x225.jpg\" alt=\"Schnitzeljagd Angebot Nazli 060\" width=\"372\" height=\"279\" srcset=\"https:\/\/www.angerinitiative.de\/wp-content\/uploads\/2015\/05\/Schnitzeljagd-Angebot-Nazli-060-300x225.jpg 300w, https:\/\/www.angerinitiative.de\/wp-content\/uploads\/2015\/05\/Schnitzeljagd-Angebot-Nazli-060-768x576.jpg 768w, https:\/\/www.angerinitiative.de\/wp-content\/uploads\/2015\/05\/Schnitzeljagd-Angebot-Nazli-060-1024x768.jpg 1024w\" sizes=\"auto, (max-width: 372px) 100vw, 372px\" \/><\/a><\/p>\n<p>\u2022 <em><span style=\"color: #008000;\">Gemeinsames Mittagessen<\/span><\/em> 13.00 &#8211; 14.00 Uhr<\/p>\n<p>\u2022 <em><span style=\"color: #008000;\">Spiel-, Bewegungs- und <\/span><\/em><\/p>\n<p><em><span style=\"color: #008000;\">Kreativangebote<\/span><\/em> Freispielzeit 14.00 -15.00 Uhr<\/p>\n<p>\u2022 <em><span style=\"color: #008000;\">Gemeinsame Hausaufgabenzeit<\/span><\/em> 15.00 bis 16.00 Uhr<\/p>\n<p><img loading=\"lazy\" decoding=\"async\" class=\"alignnone wp-image-1901\" src=\"http:\/\/www.angerinitiative.de\/wp-content\/uploads\/2019\/11\/Hausaufgaben.jpg\" alt=\"\" width=\"331\" height=\"248\" \/><\/p>\n<p>\u2022 <em><span style=\"color: #008000;\">Gemeinsamer Abschlusskreis<\/span><\/em> der Gruppe 16.00 bis 16.30 Uhr<\/p>\n<h3>\u00a0<img loading=\"lazy\" decoding=\"async\" class=\"alignnone wp-image-1898\" src=\"http:\/\/www.angerinitiative.de\/wp-content\/uploads\/2019\/11\/Hort-Homepage-Dezember-2015-026.jpg\" alt=\"\" width=\"350\" height=\"262\" srcset=\"https:\/\/www.angerinitiative.de\/wp-content\/uploads\/2019\/11\/Hort-Homepage-Dezember-2015-026.jpg 2816w, https:\/\/www.angerinitiative.de\/wp-content\/uploads\/2019\/11\/Hort-Homepage-Dezember-2015-026-768x576.jpg 768w\" sizes=\"auto, (max-width: 350px) 100vw, 350px\" \/><\/h3>\n<p>\u2022<em><span style=\"color: #008000;\"> Freitag:<\/span><\/em> Hausaufgabenfreie Zeit f\u00fcr Gruppenaktivit\u00e4ten (besondere Projekte, Geburtstage feiern&#8230;) bis 16.00 Uhr<\/p>\n<p><img loading=\"lazy\" decoding=\"async\" class=\"alignnone wp-image-1902\" src=\"http:\/\/www.angerinitiative.de\/wp-content\/uploads\/2019\/11\/Au\u00dfengel\u00e4nde-5.jpg\" alt=\"\" width=\"311\" height=\"175\" srcset=\"https:\/\/www.angerinitiative.de\/wp-content\/uploads\/2019\/11\/Au\u00dfengel\u00e4nde-5.jpg 3456w, https:\/\/www.angerinitiative.de\/wp-content\/uploads\/2019\/11\/Au\u00dfengel\u00e4nde-5-768x432.jpg 768w, https:\/\/www.angerinitiative.de\/wp-content\/uploads\/2019\/11\/Au\u00dfengel\u00e4nde-5-1110x624.jpg 1110w, https:\/\/www.angerinitiative.de\/wp-content\/uploads\/2019\/11\/Au\u00dfengel\u00e4nde-5-528x297.jpg 528w\" sizes=\"auto, (max-width: 311px) 100vw, 311px\" \/><span style=\"color: #008000;\"> <img loading=\"lazy\" decoding=\"async\" class=\"alignnone  wp-image-3109\" src=\"http:\/\/www.angerinitiative.de\/wp-content\/uploads\/2025\/03\/merseenmatsch-150x150.jpg\" alt=\"\" width=\"246\" height=\"246\" \/><\/span><\/p>\n<p>\u2022<em><span style=\"color: #008000;\"> Ferienprogramm<\/span><\/em> (Herbstferien, Faschingsferien, Osterferien, Pfingstferien, Sommerferien) 09:00 \u2013 14:30 Uhr<\/p>\n<p><a href=\"http:\/\/www.angerinitiative.de\/wp-content\/uploads\/2015\/05\/Schnitzeljagd-Angebot-Nazli-004.jpg\"><img loading=\"lazy\" decoding=\"async\" class=\"size-medium wp-image-361 aligncenter\" src=\"http:\/\/www.angerinitiative.de\/wp-content\/uploads\/2015\/05\/Schnitzeljagd-Angebot-Nazli-004-300x225.jpg\" alt=\"Schnitzeljagd Angebot Nazli 004\" width=\"300\" height=\"225\" srcset=\"https:\/\/www.angerinitiative.de\/wp-content\/uploads\/2015\/05\/Schnitzeljagd-Angebot-Nazli-004-300x225.jpg 300w, https:\/\/www.angerinitiative.de\/wp-content\/uploads\/2015\/05\/Schnitzeljagd-Angebot-Nazli-004-768x576.jpg 768w, https:\/\/www.angerinitiative.de\/wp-content\/uploads\/2015\/05\/Schnitzeljagd-Angebot-Nazli-004-1024x768.jpg 1024w\" sizes=\"auto, (max-width: 300px) 100vw, 300px\" \/><\/a><\/p>\n<p><em><strong>Link: <\/strong><\/em> &#8222;Downloads&#8220; Konzeption<\/p>\n","protected":false},"excerpt":{"rendered":"<p>Allgemeine Informationen dazu: Vorbereitungszeiten der Betreuungskr\u00e4fte (vormittags und nach Hortende): Raum f\u00fcr Eltern-, Lehrergespr\u00e4che, Gespr\u00e4che mit Fachpersonal anderer Institutionen, administrative Aufgaben, Eink\u00e4ufe, Tagesvorbereitungen, Anleitungsgespr\u00e4che, Dokumentationen. Die Kinder \u2022 Ankommen der Kinder direkt nach Schulschluss in den Hort von 11.30 bis 13.30 Uhr \u2022 Tischdeckdienst 12.50 \u2013 13.00 Uhr \u2022 Gemeinsames Mittagessen 13.00 &#8211; 14.00 Uhr [&hellip;]<\/p>\n","protected":false},"author":1,"featured_media":0,"parent":36,"menu_order":5,"comment_status":"open","ping_status":"open","template":"","meta":{"footnotes":""},"class_list":["post-44","page","type-page","status-publish","czr-hentry"],"_links":{"self":[{"href":"https:\/\/www.angerinitiative.de\/index.php?rest_route=\/wp\/v2\/pages\/44","targetHints":{"allow":["GET"]}}],"collection":[{"href":"https:\/\/www.angerinitiative.de\/index.php?rest_route=\/wp\/v2\/pages"}],"about":[{"href":"https:\/\/www.angerinitiative.de\/index.php?rest_route=\/wp\/v2\/types\/page"}],"author":[{"embeddable":true,"href":"https:\/\/www.angerinitiative.de\/index.php?rest_route=\/wp\/v2\/users\/1"}],"replies":[{"embeddable":true,"href":"https:\/\/www.angerinitiative.de\/index.php?rest_route=%2Fwp%2Fv2%2Fcomments&post=44"}],"version-history":[{"count":31,"href":"https:\/\/www.angerinitiative.de\/index.php?rest_route=\/wp\/v2\/pages\/44\/revisions"}],"predecessor-version":[{"id":3273,"href":"https:\/\/www.angerinitiative.de\/index.php?rest_route=\/wp\/v2\/pages\/44\/revisions\/3273"}],"up":[{"embeddable":true,"href":"https:\/\/www.angerinitiative.de\/index.php?rest_route=\/wp\/v2\/pages\/36"}],"wp:attachment":[{"href":"https:\/\/www.angerinitiative.de\/index.php?rest_route=%2Fwp%2Fv2%2Fmedia&parent=44"}],"curies":[{"name":"wp","href":"https:\/\/api.w.org\/{rel}","templated":true}]}}