{"id":40,"date":"2014-11-28T13:05:48","date_gmt":"2014-11-28T11:05:48","guid":{"rendered":"http:\/\/www.angerinitiative.de\/?page_id=40"},"modified":"2023-05-19T10:28:22","modified_gmt":"2023-05-19T09:28:22","slug":"impressum","status":"publish","type":"page","link":"https:\/\/www.angerinitiative.de\/?page_id=40","title":{"rendered":"Impressum"},"content":{"rendered":"<h5><strong>Angaben gem\u00e4\u00df \u00a7 5 TMG:<\/strong><\/h5>\n<p>Angerinitiative e. V.<br \/>\nMichael-Vogel-Stra\u00dfe 63<br \/>\n91052 Erlangen<\/p>\n<h5><strong>Vertreten durch:<\/strong><\/h5>\n<p>Vorst\u00e4nde:<\/p>\n<ul>\n<li>Thomas Dade<\/li>\n<li>Wolfgang Most<\/li>\n<li>B\u00e4rbel Mayer<\/li>\n<\/ul>\n<h5><strong>Kontakt:<\/strong><\/h5>\n<table>\n<tbody>\n<tr>\n<td>Telefon:<\/td>\n<td>09131-9969534<\/td>\n<\/tr>\n<tr>\n<td><\/td>\n<td><\/td>\n<\/tr>\n<tr>\n<td>E-Mail:<\/td>\n<td>verwaltung@angerinitiative.de<\/td>\n<\/tr>\n<\/tbody>\n<\/table>\n","protected":false},"excerpt":{"rendered":"<p>Angaben gem\u00e4\u00df \u00a7 5 TMG: Angerinitiative e. V. Michael-Vogel-Stra\u00dfe 63 91052 Erlangen Vertreten durch: Vorst\u00e4nde: Thomas Dade Wolfgang Most B\u00e4rbel Mayer Kontakt: Telefon: 09131-9969534 E-Mail: verwaltung@angerinitiative.de<\/p>\n","protected":false},"author":1,"featured_media":0,"parent":146,"menu_order":5,"comment_status":"open","ping_status":"open","template":"","meta":{"footnotes":""},"class_list":["post-40","page","type-page","status-publish","czr-hentry"],"_links":{"self":[{"href":"https:\/\/www.angerinitiative.de\/index.php?rest_route=\/wp\/v2\/pages\/40","targetHints":{"allow":["GET"]}}],"collection":[{"href":"https:\/\/www.angerinitiative.de\/index.php?rest_route=\/wp\/v2\/pages"}],"about":[{"href":"https:\/\/www.angerinitiative.de\/index.php?rest_route=\/wp\/v2\/types\/page"}],"author":[{"embeddable":true,"href":"https:\/\/www.angerinitiative.de\/index.php?rest_route=\/wp\/v2\/users\/1"}],"replies":[{"embeddable":true,"href":"https:\/\/www.angerinitiative.de\/index.php?rest_route=%2Fwp%2Fv2%2Fcomments&post=40"}],"version-history":[{"count":9,"href":"https:\/\/www.angerinitiative.de\/index.php?rest_route=\/wp\/v2\/pages\/40\/revisions"}],"predecessor-version":[{"id":2766,"href":"https:\/\/www.angerinitiative.de\/index.php?rest_route=\/wp\/v2\/pages\/40\/revisions\/2766"}],"up":[{"embeddable":true,"href":"https:\/\/www.angerinitiative.de\/index.php?rest_route=\/wp\/v2\/pages\/146"}],"wp:attachment":[{"href":"https:\/\/www.angerinitiative.de\/index.php?rest_route=%2Fwp%2Fv2%2Fmedia&parent=40"}],"curies":[{"name":"wp","href":"https:\/\/api.w.org\/{rel}","templated":true}]}}