{"id":38,"date":"2014-11-28T13:03:20","date_gmt":"2014-11-28T11:03:20","guid":{"rendered":"http:\/\/www.angerinitiative.de\/?page_id=38"},"modified":"2019-07-18T13:25:47","modified_gmt":"2019-07-18T12:25:47","slug":"ueber-das-hippy-projekt","status":"publish","type":"page","link":"https:\/\/www.angerinitiative.de\/?page_id=38","title":{"rendered":"\u00dcber das Hippy-Projekt"},"content":{"rendered":"<h2><span style=\"color: #008000;\"><strong>&#8222;Hippy&#8220; steht f\u00fcr:<\/strong><\/span><\/h2>\n<h2 style=\"text-align: center;\"><span style=\"color: #800080;\">H &#8211; ome <\/span><\/h2>\n<h2 style=\"text-align: center;\"><span style=\"color: #800080;\">I &#8211; nteraction for<br \/>\n<\/span><\/h2>\n<h2 style=\"text-align: center;\"><span style=\"color: #800080;\">P &#8211; arents and<br \/>\n<\/span><\/h2>\n<h2 style=\"text-align: center;\"><span style=\"color: #800080;\">P &#8211; reschool<\/span><\/h2>\n<h2 style=\"text-align: center;\"><span style=\"color: #800080;\">Y &#8211; oungsters<\/span><\/h2>\n<h3><span style=\"color: #339966;\"><em><strong>&nbsp;<\/strong><\/em><\/span><\/h3>\n<h2><a href=\"http:\/\/www.angerinitiative.de\/wp-content\/uploads\/2015\/12\/179.jpg\"><img loading=\"lazy\" decoding=\"async\" class=\"wp-image-973 aligncenter\" src=\"http:\/\/www.angerinitiative.de\/wp-content\/uploads\/2015\/12\/179-300x200.jpg\" alt=\"179\" width=\"401\" height=\"267\" srcset=\"https:\/\/www.angerinitiative.de\/wp-content\/uploads\/2015\/12\/179-300x200.jpg 300w, https:\/\/www.angerinitiative.de\/wp-content\/uploads\/2015\/12\/179-768x512.jpg 768w, https:\/\/www.angerinitiative.de\/wp-content\/uploads\/2015\/12\/179.jpg 800w\" sizes=\"auto, (max-width: 401px) 100vw, 401px\" \/><\/a><\/h2>\n<p>&nbsp;<\/p>\n<p style=\"text-align: left;\"><span style=\"color: #000000;\">HIPPY ist ein kindergartenerg\u00e4nzendes und familienbegleitendes Vorschulprogramm f\u00fcr Familien mit Kindern von 4 bis 6 Jahren. <\/span><\/p>\n<p style=\"text-align: left;\"><span style=\"color: #000000;\">In Erlangen l\u00e4uft das Projekt seit 1999 unter der Leitung der Angerinitiative.<\/span><\/p>\n<h2><span style=\"color: #008000;\"><strong>Wie arbeitet HIPPY?<\/strong><\/span><\/h2>\n<p style=\"text-align: justify;\"><span style=\"color: #000000;\">Hippy findet zuhause statt: ein Elternteil und das Kind besch\u00e4ftigen sich t\u00e4glich etwa 15 Minuten mit ausgew\u00e4hltem Spiel- und Lernmaterial.<\/span><\/p>\n<p style=\"text-align: justify;\"><span style=\"color: #000000;\">Die Familien werden regelm\u00e4\u00dfig zuhause besucht. Die Hausbesucherin, die meist aus dem eigenen Kulturkreis stammt, stellt der Mutter das Programm vor.<\/span><\/p>\n<p style=\"text-align: justify;\"><span style=\"color: #000000;\">Alle zwei Wochen finden Gruppentreffen statt. Hier tauschen die M\u00fctter ihre Erfahrungen aus. Au\u00dferdem erhalten sie Informationen zu Themen wie Erziehung, Sprache, Schule und Gesundheitsvorsorge.<\/span><\/p>\n<h2><span style=\"color: #008000;\">Wer kann teilnehmen?<\/span><\/h2>\n<p><span style=\"color: #000000;\">Teilnehmen k\u00f6nnen alle Familien aus Erlangen mit und ohne Migrationshintergrund, die ihre vier- bis sechsj\u00e4hrigen Kinder zus\u00e4tzlich in ihrer Entwicklung f\u00f6rdern m\u00f6chten. Viele Eltern nutzen die \u00dcbungen, um ihre Kinder beim Erwerb der deutschen Sprachkenntnisse zu unterst\u00fctzen.<\/span><strong><br \/>\n<\/strong><\/p>\n<h2>&nbsp;<\/h2>\n<h2><span style=\"color: #008000;\">Wie sieht das HIPPY Material aus?<\/span><\/h2>\n<p><a href=\"http:\/\/www.angerinitiative.de\/wp-content\/uploads\/2015\/05\/178.jpg\"><img loading=\"lazy\" decoding=\"async\" class=\"wp-image-558 alignright\" src=\"http:\/\/www.angerinitiative.de\/wp-content\/uploads\/2015\/05\/178-300x225.jpg\" alt=\"178\" width=\"357\" height=\"268\" srcset=\"https:\/\/www.angerinitiative.de\/wp-content\/uploads\/2015\/05\/178-300x225.jpg 300w, https:\/\/www.angerinitiative.de\/wp-content\/uploads\/2015\/05\/178-768x576.jpg 768w, https:\/\/www.angerinitiative.de\/wp-content\/uploads\/2015\/05\/178-1024x768.jpg 1024w\" sizes=\"auto, (max-width: 357px) 100vw, 357px\" \/><\/a><span style=\"color: #000000;\">Pro Jahr werden sechs Bilderb\u00fccher mit unterschiedlichen p\u00e4dagogischen Schwerpunkten gelesen. Die \u00dcbungen umfassen die Lernbereiche <strong>Ich und Wir, Sprache, Mathematik, Kreativit\u00e4t, Bewegung und Umwelt.<\/strong><\/span><\/p>\n<p><span style=\"color: #000000;\">Dazu wurden jeweils f\u00fcnf Arbeitshefte entwickelt, die \u00dcbungen zur F\u00f6rderung der <strong><span style=\"color: #800080;\">emotionalen, sozialen<\/span><\/strong> und <strong><span style=\"color: #800080;\">kognitiven Intelligenz<\/span><\/strong> enthalten.<\/span><\/p>\n<p><span style=\"color: #000000;\">Dabei steht die Sprache stets im Vordergrund. Das Programm bietet viele einfache Spiel- und Bastelanregungen, die einen f\u00fcr die ganze Familie motivierenden Charakter haben.<\/span><\/p>\n<p style=\"text-align: left;\"><span style=\"color: #000000;\">Lernen mit HIPPY soll Spa\u00df machen!<\/span><\/p>\n<h2 style=\"text-align: left;\">&nbsp;<\/h2>\n<h2><span style=\"color: #008000;\">Wie funktioniert HIPPY?<\/span><\/h2>\n<p><span style=\"color: #000000;\">Die Kinder lernen durch die dialogische Interaktion mit ihren Eltern, sie erleben eine entwicklungsf\u00f6rdernde Kommunikation in der Familie in der eigenen Muttersprache aber zunehmend auch in der deutschen Sprache.<\/span><br \/>\n<span style=\"color: #000000;\"> Die \u00dcbungen sind durch den gut strukturierten Aufbau auch f\u00fcr Familien nichtdeutscher Herkunft leicht durchzuf\u00fchren. Viele Bastel- und Spielanregungen erm\u00f6glichen ein altersentsprechendes, ganzheitliches Lernen. Die Eltern erhalten zudem Tipps, wie sie ihre Kinder im Alltag f\u00f6rdern k\u00f6nnen.<br \/>\n<\/span><\/p>\n<h2>&nbsp;<\/h2>\n<h2><span style=\"color: #008000;\">Welche Ziele m\u00f6chten wir mit HIPPY erreichen?<\/span><\/h2>\n<p><span style=\"color: #000000;\"><strong><span style=\"color: #800080;\">HIPPY<\/span><\/strong> ist ein Programm zur Schulung der kognitiven und sprachlichen F\u00e4higkeiten. Die F\u00f6rderung der Lernf\u00e4higkeiten des Kindes geschieht im Sinne einer aktiven Schulvorbereitung. Die Deutschkenntnisse von Mutter und Kind werden erweitert.<\/span><br \/>\n<span style=\"color: #000000;\"><strong><span style=\"color: #800080;\"> HIPPY<\/span><\/strong> leistet pr\u00e4ventive Kinder- und Familienarbeit. Die Erziehungskompetenzen der Familie werden gest\u00e4rkt und die Lernmuster k\u00f6nnen sich ver\u00e4ndern.<\/span><br \/>\n<span style=\"color: #000000;\"><strong><span style=\"color: #800080;\"> HIPPY<\/span><\/strong> bietet eine Integrationshilfe f\u00fcr die Familien im Rahmen einer aktiven Erziehungshilfe.<\/span><br \/>\n<span style=\"color: #000000;\"><strong><span style=\"color: #800080;\"> HIPPY<\/span><\/strong> bedeutet Hilfe zu Selbsthilfe und f\u00f6rdert die Erziehung in der Familie nach \u00a716 KJHG.<\/span><\/p>\n<p>&nbsp;<\/p>\n<h2><span style=\"color: #008000;\">Aus dem Programm<\/span><\/h2>\n<figure id=\"attachment_1530\" aria-describedby=\"caption-attachment-1530\" style=\"width: 225px\" class=\"wp-caption alignleft\"><a href=\"http:\/\/www.angerinitiative.de\/wp-content\/uploads\/2017\/10\/Stammbaum-e1507889608678.jpg\"><img loading=\"lazy\" decoding=\"async\" class=\"wp-image-1530 size-medium\" src=\"http:\/\/www.angerinitiative.de\/wp-content\/uploads\/2017\/10\/Stammbaum-e1507889608678-225x300.jpg\" alt=\"\" width=\"225\" height=\"300\" srcset=\"https:\/\/www.angerinitiative.de\/wp-content\/uploads\/2017\/10\/Stammbaum-e1507889608678-225x300.jpg 225w, https:\/\/www.angerinitiative.de\/wp-content\/uploads\/2017\/10\/Stammbaum-e1507889608678.jpg 600w\" sizes=\"auto, (max-width: 225px) 100vw, 225px\" \/><\/a><figcaption id=\"caption-attachment-1530\" class=\"wp-caption-text\">Ein Familienstammbaum<\/figcaption><\/figure>\n<figure id=\"attachment_1529\" aria-describedby=\"caption-attachment-1529\" style=\"width: 300px\" class=\"wp-caption alignright\"><a href=\"http:\/\/www.angerinitiative.de\/wp-content\/uploads\/2017\/10\/Schneebild.jpg\"><img loading=\"lazy\" decoding=\"async\" class=\"wp-image-1529 size-medium\" src=\"http:\/\/www.angerinitiative.de\/wp-content\/uploads\/2017\/10\/Schneebild-300x225.jpg\" alt=\"\" width=\"300\" height=\"225\" srcset=\"https:\/\/www.angerinitiative.de\/wp-content\/uploads\/2017\/10\/Schneebild-300x225.jpg 300w, https:\/\/www.angerinitiative.de\/wp-content\/uploads\/2017\/10\/Schneebild-768x576.jpg 768w, https:\/\/www.angerinitiative.de\/wp-content\/uploads\/2017\/10\/Schneebild.jpg 800w\" sizes=\"auto, (max-width: 300px) 100vw, 300px\" \/><\/a><figcaption id=\"caption-attachment-1529\" class=\"wp-caption-text\">Winterbild zum Buch &#8222;Was war hier blo\u00df los?&#8220;<\/figcaption><\/figure>\n<figure id=\"attachment_1528\" aria-describedby=\"caption-attachment-1528\" style=\"width: 168px\" class=\"wp-caption aligncenter\"><a href=\"http:\/\/www.angerinitiative.de\/wp-content\/uploads\/2017\/10\/Azras-Kiste.jpg\"><img loading=\"lazy\" decoding=\"async\" class=\"wp-image-1528 size-medium\" src=\"http:\/\/www.angerinitiative.de\/wp-content\/uploads\/2017\/10\/Azras-Kiste-e1507890366608-168x300.jpg\" alt=\"\" width=\"168\" height=\"300\" srcset=\"https:\/\/www.angerinitiative.de\/wp-content\/uploads\/2017\/10\/Azras-Kiste-e1507890366608-168x300.jpg 168w, https:\/\/www.angerinitiative.de\/wp-content\/uploads\/2017\/10\/Azras-Kiste-e1507890366608.jpg 336w\" sizes=\"auto, (max-width: 168px) 100vw, 168px\" \/><\/a><figcaption id=\"caption-attachment-1528\" class=\"wp-caption-text\">Die Wutkiste als Strategie zum Umgang mit Aggressionen<\/figcaption><\/figure>\n","protected":false},"excerpt":{"rendered":"<p>&#8222;Hippy&#8220; steht f\u00fcr: H &#8211; ome I &#8211; nteraction for P &#8211; arents and P &#8211; reschool Y &#8211; oungsters &nbsp; &nbsp; HIPPY ist ein kindergartenerg\u00e4nzendes und familienbegleitendes Vorschulprogramm f\u00fcr Familien mit Kindern von 4 bis 6 Jahren. In Erlangen l\u00e4uft das Projekt seit 1999 unter der Leitung der Angerinitiative. Wie arbeitet HIPPY? Hippy findet [&hellip;]<\/p>\n","protected":false},"author":1,"featured_media":0,"parent":192,"menu_order":1,"comment_status":"open","ping_status":"open","template":"","meta":{"footnotes":""},"class_list":["post-38","page","type-page","status-publish","czr-hentry"],"_links":{"self":[{"href":"https:\/\/www.angerinitiative.de\/index.php?rest_route=\/wp\/v2\/pages\/38","targetHints":{"allow":["GET"]}}],"collection":[{"href":"https:\/\/www.angerinitiative.de\/index.php?rest_route=\/wp\/v2\/pages"}],"about":[{"href":"https:\/\/www.angerinitiative.de\/index.php?rest_route=\/wp\/v2\/types\/page"}],"author":[{"embeddable":true,"href":"https:\/\/www.angerinitiative.de\/index.php?rest_route=\/wp\/v2\/users\/1"}],"replies":[{"embeddable":true,"href":"https:\/\/www.angerinitiative.de\/index.php?rest_route=%2Fwp%2Fv2%2Fcomments&post=38"}],"version-history":[{"count":42,"href":"https:\/\/www.angerinitiative.de\/index.php?rest_route=\/wp\/v2\/pages\/38\/revisions"}],"predecessor-version":[{"id":1849,"href":"https:\/\/www.angerinitiative.de\/index.php?rest_route=\/wp\/v2\/pages\/38\/revisions\/1849"}],"up":[{"embeddable":true,"href":"https:\/\/www.angerinitiative.de\/index.php?rest_route=\/wp\/v2\/pages\/192"}],"wp:attachment":[{"href":"https:\/\/www.angerinitiative.de\/index.php?rest_route=%2Fwp%2Fv2%2Fmedia&parent=38"}],"curies":[{"name":"wp","href":"https:\/\/api.w.org\/{rel}","templated":true}]}}