{"id":36,"date":"2014-11-28T13:03:07","date_gmt":"2014-11-28T11:03:07","guid":{"rendered":"http:\/\/www.angerinitiative.de\/?page_id=36"},"modified":"2026-02-24T12:21:52","modified_gmt":"2026-02-24T11:21:52","slug":"ueber-den-hort","status":"publish","type":"page","link":"https:\/\/www.angerinitiative.de\/?page_id=36","title":{"rendered":"Hort unterm Regenbogen"},"content":{"rendered":"<p><img loading=\"lazy\" decoding=\"async\" class=\"aligncenter wp-image-3264 \" src=\"http:\/\/www.angerinitiative.de\/wp-content\/uploads\/2025\/10\/Gruppe1.jpeg\" alt=\"\" width=\"788\" height=\"355\" srcset=\"https:\/\/www.angerinitiative.de\/wp-content\/uploads\/2025\/10\/Gruppe1.jpeg 2048w, https:\/\/www.angerinitiative.de\/wp-content\/uploads\/2025\/10\/Gruppe1-768x346.jpeg 768w, https:\/\/www.angerinitiative.de\/wp-content\/uploads\/2025\/10\/Gruppe1-1536x692.jpeg 1536w, https:\/\/www.angerinitiative.de\/wp-content\/uploads\/2025\/10\/Gruppe1-1110x500.jpeg 1110w\" sizes=\"auto, (max-width: 788px) 100vw, 788px\" \/><\/p>\n<h3><span style=\"color: #008000;\">Liebe Eltern,<\/span><\/h3>\n<p>w\u00fcnschen Sie sich eine vielf\u00e4ltige und kompetente Betreuung f\u00fcr Ihr Kind?<br \/>\nIhre W\u00fcnsche liegen uns am Herzen.<br \/>\nGemeinsam mit Ihnen begleiten und beobachten wir die Entwicklung Ihres Kindes.<br \/>\nDer Hort bietet ihrem Kind nach der Schule einen festen Rahmen mit einem regelm\u00e4\u00dfig sich wiederholenden Tagesablauf. Dies vermittelt den Kindern ein Gef\u00fchl von Zuverl\u00e4ssigkeit, Sicherheit, Geborgenheit und Vertrautheit &#8211; ein famili\u00e4res Miteinander.<br \/>\nIhre Anregungen nehmen wir gerne auf. Auf Wunsch bieten wir Ihnen eine qualifizierte Beratung in Erziehungsfragen und leiten bei Bedarf F\u00f6rderma\u00dfnahmen ein.<br \/>\nUm ihr Kind schulisch bestm\u00f6glich zu begleiten, bildet die Zusammenarbeit mit den Lehrkr\u00e4ften Ihres Kindes einen wichtigen Bestandteil unserer Arbeit.<\/p>\n<h3><span style=\"color: #008000;\"><strong>\u00d6ffnungszeiten:<\/strong><\/span><\/h3>\n<p>Montag &#8211; Freitag 11.00 &#8211; 17.00 Uhr<\/p>\n<h3><span style=\"color: #008000;\"><strong>Buchungszeiten:<\/strong><\/span><\/h3>\n<p>Schulzeit Montag \u2013 Freitag 11.30 \u2013 16:30 Uhr<\/p>\n<p>Ferienzeiten Montag \u2013 Freitag 09.00 \u2013 14:30 Uhr<\/p>\n<p>Schlie\u00dfzeiten: Max. 30 Schlie\u00dftage pro Schuljahr in den Ferien,\u00a0 zus\u00e4tzlich max. 5 Tage j\u00e4hrliche Fortbildungen<\/p>\n<h3><span style=\"color: #008000;\"><strong>Kosten:<\/strong><\/span><\/h3>\n<p>Hortgeb\u00fchren: Staffelung durch jeweilige Buchungszeiten<\/p>\n<p>\u2022 3 bis 4 Stunden: 100,-\u20ac<br \/>\n\u2022 4 bis 5 Stunden: 110,-\u20ac \/ monatlich, mit Ferienbetreuung 115-\u20ac monatlich<br \/>\n\u2022 5 bis 6 Stunden: 120,-\u20ac \/ monatlich, mit Ferienbetreuung 125,-\u20ac monatlich<br \/>\nEssensgeld: 80,00 Euro \/ monatlich<br \/>\nPapier- und Bastelgeld: 60,00 Euro \/ j\u00e4hrlich<br \/>\nVersicherung: 5,00 Euro \/ j\u00e4hrlich<br \/>\nF\u00fcr die Hortgeb\u00fchr ist eine vollst\u00e4ndige Befreiung oder teilweise Bezuschussung durch das Jugendamt m\u00f6glich.<\/p>\n","protected":false},"excerpt":{"rendered":"<p>Liebe Eltern, w\u00fcnschen Sie sich eine vielf\u00e4ltige und kompetente Betreuung f\u00fcr Ihr Kind? Ihre W\u00fcnsche liegen uns am Herzen. Gemeinsam mit Ihnen begleiten und beobachten wir die Entwicklung Ihres Kindes. Der Hort bietet ihrem Kind nach der Schule einen festen Rahmen mit einem regelm\u00e4\u00dfig sich wiederholenden Tagesablauf. Dies vermittelt den Kindern ein Gef\u00fchl von Zuverl\u00e4ssigkeit, [&hellip;]<\/p>\n","protected":false},"author":1,"featured_media":0,"parent":0,"menu_order":2,"comment_status":"open","ping_status":"open","template":"","meta":{"footnotes":""},"class_list":["post-36","page","type-page","status-publish","czr-hentry"],"_links":{"self":[{"href":"https:\/\/www.angerinitiative.de\/index.php?rest_route=\/wp\/v2\/pages\/36","targetHints":{"allow":["GET"]}}],"collection":[{"href":"https:\/\/www.angerinitiative.de\/index.php?rest_route=\/wp\/v2\/pages"}],"about":[{"href":"https:\/\/www.angerinitiative.de\/index.php?rest_route=\/wp\/v2\/types\/page"}],"author":[{"embeddable":true,"href":"https:\/\/www.angerinitiative.de\/index.php?rest_route=\/wp\/v2\/users\/1"}],"replies":[{"embeddable":true,"href":"https:\/\/www.angerinitiative.de\/index.php?rest_route=%2Fwp%2Fv2%2Fcomments&post=36"}],"version-history":[{"count":22,"href":"https:\/\/www.angerinitiative.de\/index.php?rest_route=\/wp\/v2\/pages\/36\/revisions"}],"predecessor-version":[{"id":3423,"href":"https:\/\/www.angerinitiative.de\/index.php?rest_route=\/wp\/v2\/pages\/36\/revisions\/3423"}],"wp:attachment":[{"href":"https:\/\/www.angerinitiative.de\/index.php?rest_route=%2Fwp%2Fv2%2Fmedia&parent=36"}],"curies":[{"name":"wp","href":"https:\/\/api.w.org\/{rel}","templated":true}]}}