{"id":34,"date":"2014-11-28T13:02:52","date_gmt":"2014-11-28T11:02:52","guid":{"rendered":"http:\/\/www.angerinitiative.de\/?page_id=34"},"modified":"2018-02-20T15:34:31","modified_gmt":"2018-02-20T14:34:31","slug":"ueber-den-abenteuerspieplatz","status":"publish","type":"page","link":"https:\/\/www.angerinitiative.de\/?page_id=34","title":{"rendered":"Der  Abenteuer- und Bauspielplatz"},"content":{"rendered":"<p style=\"text-align: left;\">&nbsp;&nbsp;&nbsp;&nbsp;&nbsp;&nbsp;&nbsp;&nbsp;&nbsp; &#8222;Gib Kindern eine H\u00fctte, und sie machen Kleinholz daraus.<\/p>\n<p style=\"text-align: left;\">&nbsp;&nbsp;&nbsp;&nbsp;&nbsp;&nbsp;&nbsp; &nbsp; &nbsp; &nbsp; &nbsp; &nbsp; Gib ihnen Kleinholz und sie bauen&#8230;eine H\u00fctte.&#8220;<\/p>\n<p style=\"text-align: left; padding-left: 60px;\">&nbsp;&nbsp;&nbsp;&nbsp;&nbsp;&nbsp; &nbsp; &nbsp; &nbsp; &nbsp; &nbsp;&nbsp; &nbsp; ~ W. Michalke-Leicht ~<\/p>\n<p>&nbsp;<\/p>\n<p><span style=\"color: #333333;\">Der Abenteuerspielplatz ist ein <strong><span style=\"color: #008000;\"><span style=\"color: #339966;\">offenes freizeitp\u00e4dagogisches Angebot<\/span> <\/span><\/strong>f\u00fcr Schulkinder <\/span><\/p>\n<p><span style=\"color: #333333;\">zwischen<span style=\"color: #339966;\"><strong> 6 und 14 Jahren. <\/strong><\/span><\/span><span style=\"color: #333333;\">Spiel und Spa\u00df, Natur pur und den Freiraum, die eigenen Interes-<\/span><\/p>\n<p><span style=\"color: #333333;\">sen <\/span><span style=\"color: #333333;\"><span style=\"color: #000000;\">und F\u00e4h<\/span>igkeiten auszuprobieren. <\/span><span style=\"color: #333333;\">Hier k\u00f6nnt ihr &#8211; allein oder gemeinsam mit anderen &#8211;<br \/>\n<\/span><\/p>\n<p><span style=\"color: #333333;\">Eure<strong><span style=\"color: #008000;\"><span style=\"color: #339966;\"> eigenen Erfahrungen machen:<\/span> <\/span><\/strong><\/span><span style=\"color: #333333;\">mit Feuer, Wasser, Erde, mit Pflanzen und auch Tieren sowie <\/span><\/p>\n<p><span style=\"color: #333333;\">mit den verschiedensten Materialien und Werkzeugen. <\/span><span style=\"color: #333333;\">Auf unserem abwechslungsreichen Gel\u00e4nde<\/span><\/p>\n<p><span style=\"color: #333333;\"> ist Platz zum Toben, Spielen und Bauen. <\/span><span style=\"color: #333333;\">Die BetreuerInnen unterst\u00fctzen Euch,<\/span><\/p>\n<p><span style=\"color: #333333;\"> wenn ihr bei der Umsetzung Eurer Ideen Hilfe m\u00f6chtet oder anfangs mal jemanden braucht, <\/span><\/p>\n<p><span style=\"color: #333333;\">der Euch den Umgang mit den jeweiligen Werkzeugen zeigt.<\/span><\/p>\n<p>&nbsp;<\/p>\n<p><span style=\"color: #339966;\"><strong>\u2192&nbsp;Fragen kostet nichts &#8211; und nur wer fragt und selbst ausprobiert, erf\u00e4hrt mehr von der Welt.<\/strong><\/span><br \/>\n<span style=\"color: #333333;\">&nbsp;&nbsp;&nbsp;&nbsp; Es ist einfach immer wieder toll, was viele K\u00f6pfe und H\u00e4nde zusammen auf die Beine stellen!<\/span><\/p>\n<p><span style=\"color: #339966;\"><strong>\u2192 Bei uns entscheidet Ihr selbst, was Ihr hier machen wollt.<\/strong><\/span><br \/>\n<span style=\"color: #333333;\">&nbsp;&nbsp;&nbsp;&nbsp; Ein paar Regeln gibt es nat\u00fcrlich schon.<\/span><br \/>\n<span style=\"color: #333333;\">&nbsp;&nbsp;&nbsp;&nbsp; Bei Konflikten wird gemeinsam nach einer L\u00f6sung gesucht.<\/span><\/p>\n","protected":false},"excerpt":{"rendered":"<p>&nbsp;&nbsp;&nbsp;&nbsp;&nbsp;&nbsp;&nbsp;&nbsp;&nbsp; &#8222;Gib Kindern eine H\u00fctte, und sie machen Kleinholz daraus. &nbsp;&nbsp;&nbsp;&nbsp;&nbsp;&nbsp;&nbsp; &nbsp; &nbsp; &nbsp; &nbsp; &nbsp; Gib ihnen Kleinholz und sie bauen&#8230;eine H\u00fctte.&#8220; &nbsp;&nbsp;&nbsp;&nbsp;&nbsp;&nbsp; &nbsp; &nbsp; &nbsp; &nbsp; &nbsp;&nbsp; &nbsp; ~ W. Michalke-Leicht ~ &nbsp; Der Abenteuerspielplatz ist ein offenes freizeitp\u00e4dagogisches Angebot f\u00fcr Schulkinder zwischen 6 und 14 Jahren. Spiel und Spa\u00df, Natur pur und [&hellip;]<\/p>\n","protected":false},"author":1,"featured_media":0,"parent":188,"menu_order":1,"comment_status":"open","ping_status":"open","template":"","meta":{"footnotes":""},"class_list":["post-34","page","type-page","status-publish","czr-hentry"],"_links":{"self":[{"href":"https:\/\/www.angerinitiative.de\/index.php?rest_route=\/wp\/v2\/pages\/34","targetHints":{"allow":["GET"]}}],"collection":[{"href":"https:\/\/www.angerinitiative.de\/index.php?rest_route=\/wp\/v2\/pages"}],"about":[{"href":"https:\/\/www.angerinitiative.de\/index.php?rest_route=\/wp\/v2\/types\/page"}],"author":[{"embeddable":true,"href":"https:\/\/www.angerinitiative.de\/index.php?rest_route=\/wp\/v2\/users\/1"}],"replies":[{"embeddable":true,"href":"https:\/\/www.angerinitiative.de\/index.php?rest_route=%2Fwp%2Fv2%2Fcomments&post=34"}],"version-history":[{"count":19,"href":"https:\/\/www.angerinitiative.de\/index.php?rest_route=\/wp\/v2\/pages\/34\/revisions"}],"predecessor-version":[{"id":1637,"href":"https:\/\/www.angerinitiative.de\/index.php?rest_route=\/wp\/v2\/pages\/34\/revisions\/1637"}],"up":[{"embeddable":true,"href":"https:\/\/www.angerinitiative.de\/index.php?rest_route=\/wp\/v2\/pages\/188"}],"wp:attachment":[{"href":"https:\/\/www.angerinitiative.de\/index.php?rest_route=%2Fwp%2Fv2%2Fmedia&parent=34"}],"curies":[{"name":"wp","href":"https:\/\/api.w.org\/{rel}","templated":true}]}}