{"id":3123,"date":"2025-06-26T14:12:21","date_gmt":"2025-06-26T13:12:21","guid":{"rendered":"https:\/\/www.angerinitiative.de\/?page_id=3123"},"modified":"2025-09-09T12:35:49","modified_gmt":"2025-09-09T11:35:49","slug":"barrierefreie-inhalte","status":"publish","type":"page","link":"https:\/\/www.angerinitiative.de\/?page_id=3123","title":{"rendered":"Barrierefreie Inhalte"},"content":{"rendered":"\n<h2 class=\"wp-block-heading\">\u00dcber den Verein Angerinitative e.V.<\/h2>\n\n\n\n<figure class=\"wp-block-image size-large\"><img loading=\"lazy\" decoding=\"async\" width=\"1024\" height=\"576\" src=\"http:\/\/www.angerinitiative.de\/wp-content\/uploads\/2016\/02\/IMG_2547-1024x576.jpg\" alt=\"Kinder und ein P\u00e4dagoge spielen mit einem bunten Riesentuch. Im Hintergrund Bauw\u00e4gen auf dem Abenteuerspielplatz.\" class=\"wp-image-1106\" srcset=\"https:\/\/www.angerinitiative.de\/wp-content\/uploads\/2016\/02\/IMG_2547-1024x576.jpg 1024w, https:\/\/www.angerinitiative.de\/wp-content\/uploads\/2016\/02\/IMG_2547-1110x624.jpg 1110w, https:\/\/www.angerinitiative.de\/wp-content\/uploads\/2016\/02\/IMG_2547-528x297.jpg 528w, https:\/\/www.angerinitiative.de\/wp-content\/uploads\/2016\/02\/IMG_2547-300x169.jpg 300w, https:\/\/www.angerinitiative.de\/wp-content\/uploads\/2016\/02\/IMG_2547-768x432.jpg 768w\" sizes=\"auto, (max-width: 1024px) 100vw, 1024px\" \/><figcaption class=\"wp-element-caption\">Ein P\u00e4dagoge und mehrere Kinder spielen mit einem Schwungtuch<\/figcaption><\/figure>\n\n\n\n<p class=\"has-black-color has-white-background-color has-text-color has-background has-medium-font-size\">Die Angerinitiative e.V. gibt es seit 1979. Sie hilft Kindern und Jugendlichen im Stadtteil Anger in Erlangen. Die Initiative geh\u00f6rt zu einem gro\u00dfen Verband, der sich f\u00fcr das Wohl von Menschen einsetzt. Anfangs waren vor allem Studenten dabei. Sie wollten das Leben von Kindern im Stadtteil verbessern und das Zusammenleben von Menschen aus verschiedenen Kulturen f\u00f6rdern. Dieses Ziel ist geblieben, aber vieles hat sich ver\u00e4ndert. Heute arbeiten Fachleute mit den Kindern. Sie planen und gestalten die Arbeit. Die Initiative ist in ein gr\u00f6\u00dferes Geb\u00e4ude gezogen. Jetzt gibt es einen gro\u00dfen Abenteuerspielplatz. Aus der Hausaufgabenbetreuung ist eine Kindertagesst\u00e4tte geworden, in der Schulkinder gemeinsam betreut werden. Es gibt auch ein Programm mit dem Namen HIPPY, das Vorschulkinder f\u00f6rdert.<\/p>\n\n\n\n<p class=\"has-black-color has-white-background-color has-text-color has-background has-medium-font-size\"><a href=\"https:\/\/www.angerinitiative.de\/?page_id=40\">Kontakt zum Verein<\/a><\/p>\n\n\n\n<hr class=\"wp-block-separator has-alpha-channel-opacity\"\/>\n\n\n\n<h2 class=\"wp-block-heading\">\u00dcber das Hippy-Projekt<\/h2>\n\n\n\n<figure class=\"wp-block-image size-large\"><img loading=\"lazy\" decoding=\"async\" width=\"1024\" height=\"768\" src=\"http:\/\/www.angerinitiative.de\/wp-content\/uploads\/2015\/05\/177-1024x768.jpg\" alt=\"Verschiedene Hefte die bei HIPPY verwendet werden\" class=\"wp-image-559\" srcset=\"https:\/\/www.angerinitiative.de\/wp-content\/uploads\/2015\/05\/177-1024x768.jpg 1024w, https:\/\/www.angerinitiative.de\/wp-content\/uploads\/2015\/05\/177-768x576.jpg 768w, https:\/\/www.angerinitiative.de\/wp-content\/uploads\/2015\/05\/177-300x225.jpg 300w\" sizes=\"auto, (max-width: 1024px) 100vw, 1024px\" \/><figcaption class=\"wp-element-caption\">Verschiedene Hefte die bei HIPPY verwendet werden<\/figcaption><\/figure>\n\n\n\n<p class=\"has-black-color has-text-color has-link-color has-medium-font-size wp-elements-799068f5d198b335c3bfe2cc35515a25\"><strong>Was ist HIPPY?<\/strong> HIPPY ist ein Programm f\u00fcr Familien mit Kindern zwischen 4 und 6 Jahren. Es hilft Kindern, sich auf die Schule vorzubereiten. HIPPY gibt es seit 1999 in Erlangen. Das Programm wird von der Angerinitiative geleitet.<\/p>\n\n\n\n<p class=\"has-black-color has-text-color has-link-color has-medium-font-size wp-elements-026b93606af58ca23096f9500527ecb8\"><strong>Wie funktioniert HIPPY?<\/strong> HIPPY findet zu Hause statt. Ein Elternteil und das Kind machen jeden Tag etwa 15 Minuten gemeinsam \u00dcbungen. Daf\u00fcr gibt es besondere Spiel- und Lern-Sachen. Eine Hausbesucherin kommt regelm\u00e4\u00dfig zu den Familien nach Hause. Sie erkl\u00e4rt den Eltern das Programm. Oft kommt die Hausbesucherin aus dem gleichen Kulturkreis wie die Familie.<\/p>\n\n\n\n<p class=\"has-black-color has-text-color has-link-color has-medium-font-size wp-elements-214976a0457c5e17570b37d271c6e320\"><strong>Gruppentreffen<\/strong> Alle zwei Wochen treffen sich die Eltern in einer Gruppe. Dort tauschen sie sich aus und bekommen Infos zu Themen wie: \u2013 Erziehung \u2013 Sprache \u2013 Schule \u2013 Gesundheit<\/p>\n\n\n\n<p class=\"has-black-color has-text-color has-link-color has-medium-font-size wp-elements-1f21a769f6a2880e4b6742ddaa1bb31a\"><strong>Wer kann mitmachen?<\/strong> Alle Familien aus Erlangen k\u00f6nnen mitmachen. Egal, ob sie aus Deutschland kommen oder nicht.<\/p>\n\n\n\n<p class=\"has-black-color has-text-color has-link-color has-medium-font-size wp-elements-aa19b352d1bc22098e824656da690552\"><strong>Was lernt das Kind?<\/strong> Die Kinder lernen mit B\u00fcchern, Spielen und Basteln. Sie \u00fcben: \u2013 Sprache \u2013 Rechnen \u2013 Kreativit\u00e4t \u2013 Bewegung \u2013 Umwelt<\/p>\n\n\n\n<p class=\"has-black-color has-text-color has-link-color has-medium-font-size wp-elements-33ea9c2e90e3490f2b3af8a51c18770c\">Es gibt auch Arbeitshefte mit \u00dcbungen. Die \u00dcbungen helfen den Kindern, besser zu lernen und sich zu entwickeln. Die Sprache ist dabei sehr wichtig. Die Kinder lernen in ihrer Muttersprache und auf Deutsch.<\/p>\n\n\n\n<p class=\"has-black-color has-text-color has-link-color has-medium-font-size wp-elements-1a4edf8b37d1f80c929418e391f464f6\"><strong>Warum ist HIPPY gut?<\/strong> HIPPY macht Spa\u00df! Die Eltern bekommen Tipps, wie sie ihre Kinder im Alltag f\u00f6rdern k\u00f6nnen. HIPPY st\u00e4rkt die Eltern in der Erziehung. Es hilft den Kindern, sich besser auf die Schule vorzubereiten. HIPPY unterst\u00fctzt Familien, sich besser in Deutschland zurechtzufinden.<\/p>\n\n\n\n<p class=\"has-black-color has-text-color has-link-color has-medium-font-size wp-elements-9ea9de3557edab6b4469dff93e6affdc\"><\/p>\n\n\n\n<hr class=\"wp-block-separator has-alpha-channel-opacity\"\/>\n\n\n\n<h2 class=\"wp-block-heading\">\u00dcber den Hort unterm Regenbogen<\/h2>\n\n\n\n<figure class=\"wp-block-image size-full\"><img loading=\"lazy\" decoding=\"async\" width=\"640\" height=\"481\" src=\"http:\/\/www.angerinitiative.de\/wp-content\/uploads\/2024\/09\/thumbnail_IMG_5357.jpg\" alt=\"Eine Sozialp\u00e4dagogin spielt mit einem Jungen und einem M\u00e4dchen Lego\" class=\"wp-image-3052\"\/><figcaption class=\"wp-element-caption\">Eine Sozialp\u00e4dagogin spielt mit einem Jungen und einem M\u00e4dchen Lego<\/figcaption><\/figure>\n\n\n\n<p class=\"has-medium-font-size\">Der Hort der Angerinitiative unterst\u00fctzt Kinder von der 1. bis zur 4. Klasse. Er ist f\u00fcr Kinder aus Grundschulen und F\u00f6rderschulen da.<\/p>\n\n\n\n<p class=\"has-medium-font-size\"><strong>F\u00fcr wen ist der Hort?<\/strong><\/p>\n\n\n\n<ul class=\"wp-block-list\">\n<li class=\"has-medium-font-size\">Es gibt eine Gruppe mit maximal 17 Kindern.<\/li>\n\n\n\n<li class=\"has-medium-font-size\">Davon sind bis zu 5 Pl\u00e4tze f\u00fcr Kinder mit besonderem F\u00f6rderbedarf.<\/li>\n\n\n\n<li class=\"has-medium-font-size\">Es sollen Kinder aus verschiedenen L\u00e4ndern und Kulturen zusammenkommen.<\/li>\n\n\n\n<li class=\"has-medium-font-size\">Es wird darauf geachtet, dass etwa gleich viele Jungen und M\u00e4dchen in der Gruppe sind.<\/li>\n<\/ul>\n\n\n\n<p class=\"has-medium-font-size\"><strong>Welche Kinder werden besonders unterst\u00fctzt?<\/strong> <\/p>\n\n\n\n<p class=\"has-medium-font-size\">Der Hort hilft Kindern, die Probleme haben in diesen Bereichen:<\/p>\n\n\n\n<ul class=\"wp-block-list\">\n<li class=\"has-medium-font-size\">Schwierigkeiten beim Lernen oder \u00c4ngste<\/li>\n\n\n\n<li class=\"has-medium-font-size\">Probleme mit der Sprache<\/li>\n\n\n\n<li class=\"has-medium-font-size\">Auff\u00e4lliges Verhalten, zum Beispiel wenn Kinder sehr sch\u00fcchtern oder sehr trotzig sind<\/li>\n\n\n\n<li class=\"has-medium-font-size\">Konzentrationsprobleme oder starke Unruhe (ADHS oder ADS)<\/li>\n\n\n\n<li class=\"has-medium-font-size\">Probleme zu Hause oder in der Familie<\/li>\n\n\n\n<li class=\"has-medium-font-size\">Kinder, die sich langsamer entwickeln als andere<\/li>\n<\/ul>\n\n\n\n<p class=\"has-medium-font-size\"><strong>Was macht der Hort?<\/strong><\/p>\n\n\n\n<ul class=\"wp-block-list\">\n<li class=\"has-medium-font-size\">Die Mitarbeiter beobachten, wie sich die Kinder entwickeln.<\/li>\n\n\n\n<li class=\"has-medium-font-size\">Sie schreiben auf, was sie beobachten.<\/li>\n\n\n\n<li class=\"has-medium-font-size\">Wenn n\u00f6tig, werden besondere Hilfen oder Therapien organisiert.<\/li>\n<\/ul>\n\n\n\n<hr class=\"wp-block-separator has-alpha-channel-opacity\"\/>\n\n\n\n<h2 class=\"wp-block-heading\">Der Aktivspielplatz<\/h2>\n\n\n\n<figure class=\"wp-block-image size-full\"><img loading=\"lazy\" decoding=\"async\" width=\"2272\" height=\"1704\" src=\"http:\/\/www.angerinitiative.de\/wp-content\/uploads\/2016\/02\/sommer-2007-007.bmp\" alt=\"Kinder springen auf gro\u00dfen Matten herum. Im Hintergrund sind selbstgebaute H\u00fctten.\" class=\"wp-image-1098\"\/><figcaption class=\"wp-element-caption\">Kinder springen auf gro\u00dfen Matten herum. Im Hintergrund sind selbstgebaute H\u00fctten.<\/figcaption><\/figure>\n\n\n\n<p class=\"has-medium-font-size\">Der Abenteuerspielplatz ist ein Ort f\u00fcr Schulkinder zwischen 6 und 14 Jahren.<br>Hier k\u00f6nnt ihr spielen, Spa\u00df haben und die Natur erleben.<br>Ihr k\u00f6nnt ausprobieren, was euch interessiert und was ihr gut k\u00f6nnt.<br>Allein oder mit anderen k\u00f6nnt ihr viele Erfahrungen machen:<br>zum Beispiel mit Feuer, Wasser, Erde, Pflanzen, Tieren und verschiedenen Materialien und Werkzeugen.<br>Auf dem gro\u00dfen Gel\u00e4nde gibt es viel Platz zum Toben, Spielen und Bauen.<br>Die Betreuer helfen euch, wenn ihr Unterst\u00fctzung braucht oder wenn ihr lernen wollt, wie man mit den Werkzeugen umgeht.<\/p>\n","protected":false},"excerpt":{"rendered":"<p>\u00dcber den Verein Angerinitative e.V. Die Angerinitiative e.V. gibt es seit 1979. Sie hilft Kindern und Jugendlichen im Stadtteil Anger in Erlangen. Die Initiative geh\u00f6rt zu einem gro\u00dfen Verband, der sich f\u00fcr das Wohl von Menschen einsetzt. Anfangs waren vor allem Studenten dabei. Sie wollten das Leben von Kindern im Stadtteil verbessern und das Zusammenleben [&hellip;]<\/p>\n","protected":false},"author":1,"featured_media":0,"parent":0,"menu_order":0,"comment_status":"closed","ping_status":"closed","template":"","meta":{"footnotes":""},"class_list":["post-3123","page","type-page","status-publish","czr-hentry"],"_links":{"self":[{"href":"https:\/\/www.angerinitiative.de\/index.php?rest_route=\/wp\/v2\/pages\/3123","targetHints":{"allow":["GET"]}}],"collection":[{"href":"https:\/\/www.angerinitiative.de\/index.php?rest_route=\/wp\/v2\/pages"}],"about":[{"href":"https:\/\/www.angerinitiative.de\/index.php?rest_route=\/wp\/v2\/types\/page"}],"author":[{"embeddable":true,"href":"https:\/\/www.angerinitiative.de\/index.php?rest_route=\/wp\/v2\/users\/1"}],"replies":[{"embeddable":true,"href":"https:\/\/www.angerinitiative.de\/index.php?rest_route=%2Fwp%2Fv2%2Fcomments&post=3123"}],"version-history":[{"count":21,"href":"https:\/\/www.angerinitiative.de\/index.php?rest_route=\/wp\/v2\/pages\/3123\/revisions"}],"predecessor-version":[{"id":3250,"href":"https:\/\/www.angerinitiative.de\/index.php?rest_route=\/wp\/v2\/pages\/3123\/revisions\/3250"}],"wp:attachment":[{"href":"https:\/\/www.angerinitiative.de\/index.php?rest_route=%2Fwp%2Fv2%2Fmedia&parent=3123"}],"curies":[{"name":"wp","href":"https:\/\/api.w.org\/{rel}","templated":true}]}}