{"id":312,"date":"2015-04-04T16:33:56","date_gmt":"2015-04-04T14:33:56","guid":{"rendered":"http:\/\/www.angerinitiative.de\/?page_id=312"},"modified":"2021-08-06T09:46:30","modified_gmt":"2021-08-06T08:46:30","slug":"das-ferienprogramm","status":"publish","type":"page","link":"https:\/\/www.angerinitiative.de\/?page_id=312","title":{"rendered":"Ferienprogramm"},"content":{"rendered":"<h2><span style=\"color: #008000;\"><strong>Was genau?<\/strong><\/span><\/h2>\n<p>Wir unterst\u00fctzen und begleiten die Kinder bei der Wahl ihrer Freizeitgestaltung.<br \/>\nSie sollen die Ideen, W\u00fcnsche und Vorstellungen selbst verwirklichen k\u00f6nnen.<\/p>\n<p><img loading=\"lazy\" decoding=\"async\" class=\"alignnone wp-image-1904\" src=\"http:\/\/www.angerinitiative.de\/wp-content\/uploads\/2019\/11\/Schnitzeljagd-Angebot-Nazli-118.jpg\" alt=\"\" width=\"236\" height=\"314\" srcset=\"https:\/\/www.angerinitiative.de\/wp-content\/uploads\/2019\/11\/Schnitzeljagd-Angebot-Nazli-118.jpg 2592w, https:\/\/www.angerinitiative.de\/wp-content\/uploads\/2019\/11\/Schnitzeljagd-Angebot-Nazli-118-768x1024.jpg 768w\" sizes=\"auto, (max-width: 236px) 100vw, 236px\" \/><img loading=\"lazy\" decoding=\"async\" class=\"wp-image-1906 alignright\" src=\"http:\/\/www.angerinitiative.de\/wp-content\/uploads\/2019\/11\/Au\u00dfengel\u00e4nde-6.jpg\" alt=\"\" width=\"387\" height=\"290\" srcset=\"https:\/\/www.angerinitiative.de\/wp-content\/uploads\/2019\/11\/Au\u00dfengel\u00e4nde-6.jpg 3296w, https:\/\/www.angerinitiative.de\/wp-content\/uploads\/2019\/11\/Au\u00dfengel\u00e4nde-6-768x576.jpg 768w\" sizes=\"auto, (max-width: 387px) 100vw, 387px\" \/><\/p>\n<h3><span style=\"color: #008000;\">Ziele:<\/span><\/h3>\n<p>&#8211; Viel Zeit f\u00fcr die Kinder<br \/>\n&#8211; Entlastung der Eltern<br \/>\n&#8211; Kreative Gestaltung<br \/>\n&#8211; Vertiefung sozialer Kontakte<br \/>\n&#8211; Beziehungsaufbau<br \/>\n&#8211; Erholung bei Spiel und Sport<a href=\"http:\/\/www.angerinitiative.de\/wp-content\/uploads\/2015\/03\/Hortabschlussfest-2015-032.jpg\"><img loading=\"lazy\" decoding=\"async\" class=\"wp-image-862 aligncenter\" src=\"http:\/\/www.angerinitiative.de\/wp-content\/uploads\/2015\/03\/Hortabschlussfest-2015-032-225x300.jpg\" alt=\"Hortabschlussfest 2015 032\" width=\"256\" height=\"341\" srcset=\"https:\/\/www.angerinitiative.de\/wp-content\/uploads\/2015\/03\/Hortabschlussfest-2015-032-225x300.jpg 225w, https:\/\/www.angerinitiative.de\/wp-content\/uploads\/2015\/03\/Hortabschlussfest-2015-032-768x1024.jpg 768w\" sizes=\"auto, (max-width: 256px) 100vw, 256px\" \/><\/a><br \/>\n&#8211; Zeit f\u00fcr Planung und Umsetzung von Projekten&nbsp;&nbsp;&nbsp;&nbsp;&nbsp;&nbsp;<br \/>\n&#8211; Freies Spiel<\/p>\n<h3><span style=\"color: #008000;\">Themen:<\/span><\/h3>\n<p>&#8211; Projekte<\/p>\n<p><a href=\"http:\/\/www.angerinitiative.de\/wp-content\/uploads\/2015\/05\/Hort-Ferien-Aug.Sept-14-055.jpg\"><img loading=\"lazy\" decoding=\"async\" class=\"alignnone size-medium wp-image-502\" src=\"http:\/\/www.angerinitiative.de\/wp-content\/uploads\/2015\/05\/Hort-Ferien-Aug.Sept-14-055-225x300.jpg\" alt=\"Hort Ferien Aug.Sept 14 055\" width=\"225\" height=\"300\" srcset=\"https:\/\/www.angerinitiative.de\/wp-content\/uploads\/2015\/05\/Hort-Ferien-Aug.Sept-14-055-225x300.jpg 225w, https:\/\/www.angerinitiative.de\/wp-content\/uploads\/2015\/05\/Hort-Ferien-Aug.Sept-14-055-768x1024.jpg 768w\" sizes=\"auto, (max-width: 225px) 100vw, 225px\" \/><\/a><a href=\"http:\/\/www.angerinitiative.de\/wp-content\/uploads\/2015\/05\/Hort-Ferien-Aug.Sept-14-057.jpg\"><img loading=\"lazy\" decoding=\"async\" class=\"alignnone size-medium wp-image-503\" src=\"http:\/\/www.angerinitiative.de\/wp-content\/uploads\/2015\/05\/Hort-Ferien-Aug.Sept-14-057-300x225.jpg\" alt=\"Hort Ferien Aug.Sept 14 057\" width=\"300\" height=\"225\" srcset=\"https:\/\/www.angerinitiative.de\/wp-content\/uploads\/2015\/05\/Hort-Ferien-Aug.Sept-14-057-300x225.jpg 300w, https:\/\/www.angerinitiative.de\/wp-content\/uploads\/2015\/05\/Hort-Ferien-Aug.Sept-14-057-768x576.jpg 768w, https:\/\/www.angerinitiative.de\/wp-content\/uploads\/2015\/05\/Hort-Ferien-Aug.Sept-14-057-1024x768.jpg 1024w\" sizes=\"auto, (max-width: 300px) 100vw, 300px\" \/><\/a><a href=\"http:\/\/www.angerinitiative.de\/wp-content\/uploads\/2015\/11\/Fachdienst-Bilder-034.jpg\"><img loading=\"lazy\" decoding=\"async\" class=\"alignnone size-medium wp-image-850\" src=\"http:\/\/www.angerinitiative.de\/wp-content\/uploads\/2015\/11\/Fachdienst-Bilder-034-225x300.jpg\" alt=\"Fachdienst Bilder 034\" width=\"225\" height=\"300\" srcset=\"https:\/\/www.angerinitiative.de\/wp-content\/uploads\/2015\/11\/Fachdienst-Bilder-034-225x300.jpg 225w, https:\/\/www.angerinitiative.de\/wp-content\/uploads\/2015\/11\/Fachdienst-Bilder-034-768x1024.jpg 768w\" sizes=\"auto, (max-width: 225px) 100vw, 225px\" \/><\/a><\/p>\n<p>&#8211; Basteln, Malen, Musik, Spiele, Tanz<\/p>\n<p>&nbsp;<\/p>\n<p><img loading=\"lazy\" decoding=\"async\" class=\"alignnone wp-image-1909\" src=\"http:\/\/www.angerinitiative.de\/wp-content\/uploads\/2019\/11\/Hort-Ferien-Aug.Sept-14-045.jpg\" alt=\"\" width=\"327\" height=\"245\" srcset=\"https:\/\/www.angerinitiative.de\/wp-content\/uploads\/2019\/11\/Hort-Ferien-Aug.Sept-14-045.jpg 3456w, https:\/\/www.angerinitiative.de\/wp-content\/uploads\/2019\/11\/Hort-Ferien-Aug.Sept-14-045-768x576.jpg 768w\" sizes=\"auto, (max-width: 327px) 100vw, 327px\" \/><img loading=\"lazy\" decoding=\"async\" class=\"wp-image-1911 alignright\" src=\"http:\/\/www.angerinitiative.de\/wp-content\/uploads\/2019\/11\/Hort-Ferien-Aug.Sept-14-063.jpg\" alt=\"\" width=\"273\" height=\"364\" srcset=\"https:\/\/www.angerinitiative.de\/wp-content\/uploads\/2019\/11\/Hort-Ferien-Aug.Sept-14-063.jpg 2592w, https:\/\/www.angerinitiative.de\/wp-content\/uploads\/2019\/11\/Hort-Ferien-Aug.Sept-14-063-768x1024.jpg 768w\" sizes=\"auto, (max-width: 273px) 100vw, 273px\" \/><\/p>\n<p>&#8211; Handwerkliches<\/p>\n<p>&nbsp;<\/p>\n<p><a href=\"http:\/\/www.angerinitiative.de\/wp-content\/uploads\/2015\/04\/IMG_1842.jpg\"><img loading=\"lazy\" decoding=\"async\" class=\"alignnone size-medium wp-image-891\" src=\"http:\/\/www.angerinitiative.de\/wp-content\/uploads\/2015\/04\/IMG_1842-300x225.jpg\" alt=\"IMG_1842\" width=\"300\" height=\"225\" srcset=\"https:\/\/www.angerinitiative.de\/wp-content\/uploads\/2015\/04\/IMG_1842-300x225.jpg 300w, https:\/\/www.angerinitiative.de\/wp-content\/uploads\/2015\/04\/IMG_1842-768x576.jpg 768w, https:\/\/www.angerinitiative.de\/wp-content\/uploads\/2015\/04\/IMG_1842-1024x768.jpg 1024w\" sizes=\"auto, (max-width: 300px) 100vw, 300px\" \/><\/a><\/p>\n<p>&#8211; Sportaktivit\u00e4ten<\/p>\n<p>&nbsp;<\/p>\n<h3><span style=\"color: #008000;\">Ausfl\u00fcge z.B.:<\/span><\/h3>\n<p>Freizeitparks, Kletterg\u00e4rten, Tierparks, Aktivspielpl\u00e4tze, Kino, Museen, Erfahrungsfeld der Sinne\u2026u.v.m.<\/p>\n<p>&nbsp;<\/p>\n<p><img loading=\"lazy\" decoding=\"async\" class=\"wp-image-1915 alignleft\" src=\"http:\/\/www.angerinitiative.de\/wp-content\/uploads\/2019\/11\/KinderMuseum-Bu\u00dfBettag-2015-013.jpg\" alt=\"\" width=\"242\" height=\"323\"> <img loading=\"lazy\" decoding=\"async\" class=\" wp-image-1916 alignleft\" src=\"http:\/\/www.angerinitiative.de\/wp-content\/uploads\/2019\/11\/KinderMuseum-Bu\u00dfBettag-2015-047.jpg\" alt=\"\" width=\"301\" height=\"226\"> <img loading=\"lazy\" decoding=\"async\" class=\" wp-image-1917 alignleft\" src=\"http:\/\/www.angerinitiative.de\/wp-content\/uploads\/2019\/11\/KinderMuseum-Bu\u00dfBettag-2015-082.jpg\" alt=\"\" width=\"312\" height=\"234\"><\/p>\n<p>&nbsp;<\/p>\n<p><strong><em>Link: <\/em><\/strong>&#8222;Downloads&#8220; Konzeption<\/p>\n","protected":false},"excerpt":{"rendered":"<p>Was genau? Wir unterst\u00fctzen und begleiten die Kinder bei der Wahl ihrer Freizeitgestaltung. Sie sollen die Ideen, W\u00fcnsche und Vorstellungen selbst verwirklichen k\u00f6nnen. Ziele: &#8211; Viel Zeit f\u00fcr die Kinder &#8211; Entlastung der Eltern &#8211; Kreative Gestaltung &#8211; Vertiefung sozialer Kontakte &#8211; Beziehungsaufbau &#8211; Erholung bei Spiel und Sport &#8211; Zeit f\u00fcr Planung und Umsetzung [&hellip;]<\/p>\n","protected":false},"author":1,"featured_media":0,"parent":36,"menu_order":6,"comment_status":"open","ping_status":"open","template":"","meta":{"footnotes":""},"class_list":["post-312","page","type-page","status-publish","czr-hentry"],"_links":{"self":[{"href":"https:\/\/www.angerinitiative.de\/index.php?rest_route=\/wp\/v2\/pages\/312","targetHints":{"allow":["GET"]}}],"collection":[{"href":"https:\/\/www.angerinitiative.de\/index.php?rest_route=\/wp\/v2\/pages"}],"about":[{"href":"https:\/\/www.angerinitiative.de\/index.php?rest_route=\/wp\/v2\/types\/page"}],"author":[{"embeddable":true,"href":"https:\/\/www.angerinitiative.de\/index.php?rest_route=\/wp\/v2\/users\/1"}],"replies":[{"embeddable":true,"href":"https:\/\/www.angerinitiative.de\/index.php?rest_route=%2Fwp%2Fv2%2Fcomments&post=312"}],"version-history":[{"count":15,"href":"https:\/\/www.angerinitiative.de\/index.php?rest_route=\/wp\/v2\/pages\/312\/revisions"}],"predecessor-version":[{"id":1918,"href":"https:\/\/www.angerinitiative.de\/index.php?rest_route=\/wp\/v2\/pages\/312\/revisions\/1918"}],"up":[{"embeddable":true,"href":"https:\/\/www.angerinitiative.de\/index.php?rest_route=\/wp\/v2\/pages\/36"}],"wp:attachment":[{"href":"https:\/\/www.angerinitiative.de\/index.php?rest_route=%2Fwp%2Fv2%2Fmedia&parent=312"}],"curies":[{"name":"wp","href":"https:\/\/api.w.org\/{rel}","templated":true}]}}