{"id":271,"date":"2015-03-04T11:24:17","date_gmt":"2015-03-04T09:24:17","guid":{"rendered":"http:\/\/www.angerinitiative.de\/?page_id=271"},"modified":"2025-10-02T15:49:52","modified_gmt":"2025-10-02T14:49:52","slug":"unser-integrativer-ansatz","status":"publish","type":"page","link":"https:\/\/www.angerinitiative.de\/?page_id=271","title":{"rendered":"Integrativer Ansatz"},"content":{"rendered":"<h2><span style=\"color: #008000;\"><strong><a href=\"http:\/\/www.angerinitiative.de\/wp-content\/uploads\/2015\/05\/Schnitzeljagd-Angebot-Nazli-006.jpg\"><img loading=\"lazy\" decoding=\"async\" class=\"alignnone wp-image-1874\" src=\"http:\/\/www.angerinitiative.de\/wp-content\/uploads\/2019\/10\/Schnitzeljagd-Angebot-Nazli-006.jpg\" alt=\"\" width=\"203\" height=\"153\" srcset=\"https:\/\/www.angerinitiative.de\/wp-content\/uploads\/2019\/10\/Schnitzeljagd-Angebot-Nazli-006.jpg 3456w, https:\/\/www.angerinitiative.de\/wp-content\/uploads\/2019\/10\/Schnitzeljagd-Angebot-Nazli-006-768x576.jpg 768w\" sizes=\"auto, (max-width: 203px) 100vw, 203px\" \/><\/a><img loading=\"lazy\" decoding=\"async\" class=\"wp-image-1877 alignleft\" src=\"http:\/\/www.angerinitiative.de\/wp-content\/uploads\/2019\/10\/20150421_144216.jpg\" alt=\"\" width=\"269\" height=\"152\" srcset=\"https:\/\/www.angerinitiative.de\/wp-content\/uploads\/2019\/10\/20150421_144216.jpg 5312w, https:\/\/www.angerinitiative.de\/wp-content\/uploads\/2019\/10\/20150421_144216-768x432.jpg 768w, https:\/\/www.angerinitiative.de\/wp-content\/uploads\/2019\/10\/20150421_144216-1110x624.jpg 1110w, https:\/\/www.angerinitiative.de\/wp-content\/uploads\/2019\/10\/20150421_144216-528x297.jpg 528w\" sizes=\"auto, (max-width: 269px) 100vw, 269px\" \/>\u00a0\u00a0\u00a0\u00a0\u00a0\u00a0 Das bedeutet:<br \/>\n<\/strong><\/span><\/h2>\n<p>Unser Hort stellt eine bestimmte Anzahl an Pl\u00e4tzen bereit f\u00fcr Kinder mit geistiger und\/oder mehrfacher Behinderung (nach \u00a799 SGB XII) sowie f\u00fcr Kinder, die von seelischer Behinderung bedroht sind (nach \u00a735a SGB VIII). Unsere p\u00e4dagogische Fachkraft ber\u00fccksichtigt hierbei die besonderen Bed\u00fcrfnisse und den angemessenen individuellen F\u00f6rderbedarf f\u00fcr den Fachdienst.<br \/>\nBesondere Integrationsleistungen innerhalb der Hortgruppe:<\/p>\n<ul>\n<li>Eingehende Beobachtungen und Fallbesprechungen im Team<\/li>\n<li>intensive Elternarbeit und \u2013Beratung<\/li>\n<li>intensive Zusammenarbeit mit Schulen und den Lehrkr\u00e4ften<\/li>\n<li>intensive Zusammenarbeit mit dem Allgemeinen Sozialen Dienst des Jugendamtes und den Erziehungsberatungsstellen<\/li>\n<li>Zusammenarbeit mit den Kinder\u00e4rzten und Kinderpsychologen\/Psychiatern<\/li>\n<li>F\u00f6rderung der Akzeptanz und des Verst\u00e4ndnisses von unterschiedlichen Perspektiven in der Gruppe<\/li>\n<li>Individuelle F\u00f6rderpl\u00e4ne- Umsetzung von F\u00f6rderma\u00dfnahmen und Beobachtung des Entwicklungsverlaufs<\/li>\n<li>Regelm\u00e4\u00dfiger Austausch zwischen Fachdienst- und p\u00e4dagogischem Fachpersonal<br \/>\nzur Beratung des p\u00e4dagogischen Fachpersonals und zur Besprechung von Transferm\u00f6glichkeiten der eingeleiteten Entwicklungsschritte des Fachdienstes in die Gesamtgruppensituation<\/li>\n<\/ul>\n<h4><span style=\"color: #008000;\">Wichtig dazu:<\/span><\/h4>\n<p>F\u00fcr Kinder, die Eingliederungshilfe nach \u00a799 SGB IX erhalten und ab 01.09.2013 auch f\u00fcr Kinder mit seelischer Behinderung oder von Behinderung bedrohte Kinder nach \u00a735 a SGB VIII, besteht gesetzlicher Anspruch auf Einzel- und Kleingruppenf\u00f6rderung im Rahmen eines Fachdienstes, mit 50 Stunden j\u00e4hrlich pro Kind.<\/p>\n<p><em><strong>Link: <\/strong><\/em>&#8222;Downloads&#8220; Konzeption<\/p>\n","protected":false},"excerpt":{"rendered":"<p>\u00a0\u00a0\u00a0\u00a0\u00a0\u00a0 Das bedeutet: Unser Hort stellt eine bestimmte Anzahl an Pl\u00e4tzen bereit f\u00fcr Kinder mit geistiger und\/oder mehrfacher Behinderung (nach \u00a799 SGB XII) sowie f\u00fcr Kinder, die von seelischer Behinderung bedroht sind (nach \u00a735a SGB VIII). Unsere p\u00e4dagogische Fachkraft ber\u00fccksichtigt hierbei die besonderen Bed\u00fcrfnisse und den angemessenen individuellen F\u00f6rderbedarf f\u00fcr den Fachdienst. Besondere Integrationsleistungen innerhalb [&hellip;]<\/p>\n","protected":false},"author":1,"featured_media":0,"parent":36,"menu_order":3,"comment_status":"open","ping_status":"open","template":"","meta":{"footnotes":""},"class_list":["post-271","page","type-page","status-publish","czr-hentry"],"_links":{"self":[{"href":"https:\/\/www.angerinitiative.de\/index.php?rest_route=\/wp\/v2\/pages\/271","targetHints":{"allow":["GET"]}}],"collection":[{"href":"https:\/\/www.angerinitiative.de\/index.php?rest_route=\/wp\/v2\/pages"}],"about":[{"href":"https:\/\/www.angerinitiative.de\/index.php?rest_route=\/wp\/v2\/types\/page"}],"author":[{"embeddable":true,"href":"https:\/\/www.angerinitiative.de\/index.php?rest_route=\/wp\/v2\/users\/1"}],"replies":[{"embeddable":true,"href":"https:\/\/www.angerinitiative.de\/index.php?rest_route=%2Fwp%2Fv2%2Fcomments&post=271"}],"version-history":[{"count":20,"href":"https:\/\/www.angerinitiative.de\/index.php?rest_route=\/wp\/v2\/pages\/271\/revisions"}],"predecessor-version":[{"id":3270,"href":"https:\/\/www.angerinitiative.de\/index.php?rest_route=\/wp\/v2\/pages\/271\/revisions\/3270"}],"up":[{"embeddable":true,"href":"https:\/\/www.angerinitiative.de\/index.php?rest_route=\/wp\/v2\/pages\/36"}],"wp:attachment":[{"href":"https:\/\/www.angerinitiative.de\/index.php?rest_route=%2Fwp%2Fv2%2Fmedia&parent=271"}],"curies":[{"name":"wp","href":"https:\/\/api.w.org\/{rel}","templated":true}]}}