{"id":247,"date":"2015-02-18T11:17:42","date_gmt":"2015-02-18T09:17:42","guid":{"rendered":"http:\/\/www.angerinitiative.de\/?page_id=247"},"modified":"2015-10-14T10:20:13","modified_gmt":"2015-10-14T08:20:13","slug":"pate-werden","status":"publish","type":"page","link":"https:\/\/www.angerinitiative.de\/?page_id=247","title":{"rendered":"Pate werden"},"content":{"rendered":"<p>In Erlangen werden jedes Jahr etwa 40-50 Familien durch das Hippy-Projekt betreut.<\/p>\n<p>Mit 18\u20ac monatlich unterst\u00fctzen Sie eine Familie als Pate. Sie k\u00f6nnen nat\u00fcrlich auch einen geringeren Betrag w\u00e4hlen.<\/p>\n<p>Selbstverst\u00e4ndlich erhalten Sie am Ende des Jahres eine Spendenbescheinigung.<\/p>\n<p>Falls Sie Interesse haben, nehmen Sie doch Kontakt zu uns auf.<\/p>\n","protected":false},"excerpt":{"rendered":"<p>In Erlangen werden jedes Jahr etwa 40-50 Familien durch das Hippy-Projekt betreut. Mit 18\u20ac monatlich unterst\u00fctzen Sie eine Familie als Pate. Sie k\u00f6nnen nat\u00fcrlich auch einen geringeren Betrag w\u00e4hlen. Selbstverst\u00e4ndlich erhalten Sie am Ende des Jahres eine Spendenbescheinigung. Falls Sie Interesse haben, nehmen Sie doch Kontakt zu uns auf.<\/p>\n","protected":false},"author":1,"featured_media":0,"parent":192,"menu_order":4,"comment_status":"open","ping_status":"open","template":"","meta":{"footnotes":""},"class_list":["post-247","page","type-page","status-publish","czr-hentry"],"_links":{"self":[{"href":"https:\/\/www.angerinitiative.de\/index.php?rest_route=\/wp\/v2\/pages\/247","targetHints":{"allow":["GET"]}}],"collection":[{"href":"https:\/\/www.angerinitiative.de\/index.php?rest_route=\/wp\/v2\/pages"}],"about":[{"href":"https:\/\/www.angerinitiative.de\/index.php?rest_route=\/wp\/v2\/types\/page"}],"author":[{"embeddable":true,"href":"https:\/\/www.angerinitiative.de\/index.php?rest_route=\/wp\/v2\/users\/1"}],"replies":[{"embeddable":true,"href":"https:\/\/www.angerinitiative.de\/index.php?rest_route=%2Fwp%2Fv2%2Fcomments&post=247"}],"version-history":[{"count":3,"href":"https:\/\/www.angerinitiative.de\/index.php?rest_route=\/wp\/v2\/pages\/247\/revisions"}],"predecessor-version":[{"id":748,"href":"https:\/\/www.angerinitiative.de\/index.php?rest_route=\/wp\/v2\/pages\/247\/revisions\/748"}],"up":[{"embeddable":true,"href":"https:\/\/www.angerinitiative.de\/index.php?rest_route=\/wp\/v2\/pages\/192"}],"wp:attachment":[{"href":"https:\/\/www.angerinitiative.de\/index.php?rest_route=%2Fwp%2Fv2%2Fmedia&parent=247"}],"curies":[{"name":"wp","href":"https:\/\/api.w.org\/{rel}","templated":true}]}}