{"id":192,"date":"2015-01-10T14:25:41","date_gmt":"2015-01-10T12:25:41","guid":{"rendered":"http:\/\/www.angerinitiative.de\/?page_id=192"},"modified":"2023-03-08T12:49:47","modified_gmt":"2023-03-08T11:49:47","slug":"hippy","status":"publish","type":"page","link":"https:\/\/www.angerinitiative.de\/?page_id=192","title":{"rendered":"Hippy"},"content":{"rendered":"<figure id=\"attachment_734\" aria-describedby=\"caption-attachment-734\" style=\"width: 360px\" class=\"wp-caption aligncenter\"><a href=\"http:\/\/www.angerinitiative.de\/wp-content\/uploads\/2015\/10\/P1000966.jpg\"><img loading=\"lazy\" decoding=\"async\" class=\" wp-image-734\" src=\"http:\/\/www.angerinitiative.de\/wp-content\/uploads\/2015\/10\/P1000966-300x225.jpg\" alt=\"HIPPY-Abschlussfest \" width=\"360\" height=\"270\" srcset=\"https:\/\/www.angerinitiative.de\/wp-content\/uploads\/2015\/10\/P1000966-300x225.jpg 300w, https:\/\/www.angerinitiative.de\/wp-content\/uploads\/2015\/10\/P1000966-768x576.jpg 768w, https:\/\/www.angerinitiative.de\/wp-content\/uploads\/2015\/10\/P1000966-1024x768.jpg 1024w\" sizes=\"auto, (max-width: 360px) 100vw, 360px\" \/><\/a><figcaption id=\"caption-attachment-734\" class=\"wp-caption-text\"><span style=\"color: #008000;\">HIPPY-Abschlussfest<\/span><\/figcaption><\/figure>\n<p style=\"text-align: center;\"><a href=\"http:\/\/www.angerinitiative.de\/wp-content\/uploads\/2017\/10\/Logo.png\"><img loading=\"lazy\" decoding=\"async\" class=\"wp-image-1533 size-thumbnail aligncenter\" src=\"http:\/\/www.angerinitiative.de\/wp-content\/uploads\/2017\/10\/Logo-150x150.png\" alt=\"\" width=\"150\" height=\"150\" srcset=\"https:\/\/www.angerinitiative.de\/wp-content\/uploads\/2017\/10\/Logo-150x150.png 150w, https:\/\/www.angerinitiative.de\/wp-content\/uploads\/2017\/10\/Logo-510x510.png 510w\" sizes=\"auto, (max-width: 150px) 100vw, 150px\" \/><\/a><\/p>\n<p style=\"text-align: left;\">\n<h1 style=\"text-align: left;\">HIPPY steht f\u00fcr Integration.<\/h1>\n<p>Dies hat ein HIPPY-Kind auf eindrucksvolle Weise in einem Bild vereint.<a href=\"http:\/\/www.angerinitiative.de\/wp-content\/uploads\/2017\/11\/Integration-e1511348529513.jpg\"><img loading=\"lazy\" decoding=\"async\" class=\"wp-image-1550 alignleft\" src=\"http:\/\/www.angerinitiative.de\/wp-content\/uploads\/2017\/11\/Integration-e1511348529513-225x300.jpg\" alt=\"\" width=\"336\" height=\"448\" \/><\/a><\/p>\n<p>Die Sonne steht f\u00fcr das arabische Heimatland der Mutter,<\/p>\n<p>die Fahne steht f\u00fcr das Land in dem die Familie lebt, Deutschland.<\/p>\n<p>Die B\u00e4ume darunter umarmen sich in tief verbundener Freundschaft.<\/p>\n<p>So empfindet das der F\u00fcnfj\u00e4hrige, wie wunderbar!<\/p>\n","protected":false},"excerpt":{"rendered":"<p>HIPPY steht f\u00fcr Integration. Dies hat ein HIPPY-Kind auf eindrucksvolle Weise in einem Bild vereint. Die Sonne steht f\u00fcr das arabische Heimatland der Mutter, die Fahne steht f\u00fcr das Land in dem die Familie lebt, Deutschland. Die B\u00e4ume darunter umarmen sich in tief verbundener Freundschaft. So empfindet das der F\u00fcnfj\u00e4hrige, wie wunderbar!<\/p>\n","protected":false},"author":1,"featured_media":0,"parent":0,"menu_order":1,"comment_status":"open","ping_status":"open","template":"","meta":{"footnotes":""},"class_list":["post-192","page","type-page","status-publish","czr-hentry"],"_links":{"self":[{"href":"https:\/\/www.angerinitiative.de\/index.php?rest_route=\/wp\/v2\/pages\/192","targetHints":{"allow":["GET"]}}],"collection":[{"href":"https:\/\/www.angerinitiative.de\/index.php?rest_route=\/wp\/v2\/pages"}],"about":[{"href":"https:\/\/www.angerinitiative.de\/index.php?rest_route=\/wp\/v2\/types\/page"}],"author":[{"embeddable":true,"href":"https:\/\/www.angerinitiative.de\/index.php?rest_route=\/wp\/v2\/users\/1"}],"replies":[{"embeddable":true,"href":"https:\/\/www.angerinitiative.de\/index.php?rest_route=%2Fwp%2Fv2%2Fcomments&post=192"}],"version-history":[{"count":8,"href":"https:\/\/www.angerinitiative.de\/index.php?rest_route=\/wp\/v2\/pages\/192\/revisions"}],"predecessor-version":[{"id":3179,"href":"https:\/\/www.angerinitiative.de\/index.php?rest_route=\/wp\/v2\/pages\/192\/revisions\/3179"}],"wp:attachment":[{"href":"https:\/\/www.angerinitiative.de\/index.php?rest_route=%2Fwp%2Fv2%2Fmedia&parent=192"}],"curies":[{"name":"wp","href":"https:\/\/api.w.org\/{rel}","templated":true}]}}