{"id":1514,"date":"2017-10-11T14:05:33","date_gmt":"2017-10-11T12:05:33","guid":{"rendered":"http:\/\/www.angerinitiative.de\/?page_id=1514"},"modified":"2024-11-20T16:08:26","modified_gmt":"2024-11-20T15:08:26","slug":"willkommen","status":"publish","type":"page","link":"https:\/\/www.angerinitiative.de\/","title":{"rendered":"Willkommen"},"content":{"rendered":"<h2 style=\"text-align: center;\"><span style=\"color: #000000;\"><span style=\"color: #808080;\">Herzlich Willkommen bei der Angerinitiative e.V.<\/span><\/span><\/h2>\n<h1 style=\"text-align: center;\"><\/h1>\n<h1 style=\"text-align: center;\">PROJEKTE<\/h1>\n<h3 style=\"text-align: center;\">&#8222;Geschwister sind verschiedene Blumen aus demselben Garten&#8220;<br \/>\nDie einpflanzbare Postkarte der wachsenden Kunst 2021<\/h3>\n<figure id=\"attachment_2295\" aria-describedby=\"caption-attachment-2295\" style=\"width: 335px\" class=\"wp-caption alignleft\"><img loading=\"lazy\" decoding=\"async\" class=\" wp-image-2295\" src=\"http:\/\/www.angerinitiative.de\/wp-content\/uploads\/2021\/06\/2021_05_10_Primoza_WachsendeKunst-3.jpg\" alt=\"\" width=\"335\" height=\"335\" srcset=\"https:\/\/www.angerinitiative.de\/wp-content\/uploads\/2021\/06\/2021_05_10_Primoza_WachsendeKunst-3.jpg 1800w, https:\/\/www.angerinitiative.de\/wp-content\/uploads\/2021\/06\/2021_05_10_Primoza_WachsendeKunst-3-150x150.jpg 150w, https:\/\/www.angerinitiative.de\/wp-content\/uploads\/2021\/06\/2021_05_10_Primoza_WachsendeKunst-3-768x768.jpg 768w, https:\/\/www.angerinitiative.de\/wp-content\/uploads\/2021\/06\/2021_05_10_Primoza_WachsendeKunst-3-510x510.jpg 510w\" sizes=\"auto, (max-width: 335px) 100vw, 335px\" \/><figcaption id=\"caption-attachment-2295\" class=\"wp-caption-text\">Quelle: <a href=\"https:\/\/primoza.de\/blog\/wachsende-kunst-gewinnerinnen-2021\/\">https:\/\/primoza.de\/blog\/wachsende-kunst-gewinnerinnen-2021\/ Wachsende Kunst<\/a><\/figcaption><\/figure>\n<h3>Gewinner:in der Wachsenden Kunst 2021:<\/h3>\n<h3>Lisa\u00a0Vachek <a href=\"https:\/\/www.instagram.com\/lisa.va\/\">@Lisa.va<\/a><\/h3>\n<p>Lisa aus Erlangen, f\u00fchlte sich vom Motto <strong><a href=\"https:\/\/primoza.de\/Geschwister-sind-verschiedene-Blumen-aus-demselben-Garten\/WK-2021-419\">\u201eGeschwister sind verschiedene\u00a0Blumen\u00a0aus demselben Garten\u201c<\/a><\/strong> und der Freundschaft zu ihrer Schwester inspiriert.<\/p>\n<p>Der minimalistische Stil der Illustration ist typisch f\u00fcr ihre k\u00fcnstlerischen Arbeiten. Egal, ob sie H\u00e4userzeilen in Holland zeichnet oder Motive aus der Natur \u2013 die Unmittelbarkeit spielt f\u00fcr sie die zentrale Rolle. \u201eEs muss nicht realistisch und perfektionistisch sein, sondern einfach nur den Moment festhalten.\u201c<\/p>\n<p>Weil sie es selbst liebt, Karten zu schreiben und zu bekommen, vertreibt sie \u00fcber kleine\u00a0L\u00e4den und ihren Instagram-Account ihre eigenen Postkarten.<\/p>\n<p>Mit dem Erl\u00f6s aus ihrer Karte wird sie\u00a0die Spendenkasse des <strong><a href=\"http:\/\/www.angerinitiative.de\/?page_id=34\">Vereins\u00a0Angerinitiative\u00a0im Erlanger Stadtteil Anger<\/a><\/strong> auff\u00fcllen, der sich darum bem\u00fcht, die Lebenssituation von ausl\u00e4ndischen und deutschen Kindern zu verbessern \u2013 ein bisschen wie Geschwisterkinder einer gro\u00dfen Stadtteilfamilie.<\/p>\n<p><strong>Instagram: <a href=\"https:\/\/www.instagram.com\/lisa.va\/\">Lisa.va<\/a><\/strong><\/p>\n<p>Wenn auch du eine einpflanzbare Postkarte kaufen m\u00f6chtest &#8211; Hier gehts zum Shop:\u00a0 <a href=\"https:\/\/primoza.de\/\">https:\/\/primoza.de\/<\/a><\/p>\n<p>Und hier die sch\u00f6ne Postkarte von Lisa, mit der du neben der Natur auch die Angerinitiative unterst\u00fctzen kannst: <a href=\"https:\/\/primoza.de\/Geschwister-sind-verschiedene-Blumen-aus-demselben-Garten\/WK-2021-419\">https:\/\/primoza.de\/Geschwister-sind-verschiedene-Blumen-aus-demselben-Garten\/WK-2021-419 <\/a><\/p>\n","protected":false},"excerpt":{"rendered":"<p>Herzlich Willkommen bei der Angerinitiative e.V. PROJEKTE &#8222;Geschwister sind verschiedene Blumen aus demselben Garten&#8220; Die einpflanzbare Postkarte der wachsenden Kunst 2021 Gewinner:in der Wachsenden Kunst 2021: Lisa\u00a0Vachek @Lisa.va Lisa aus Erlangen, f\u00fchlte sich vom Motto \u201eGeschwister sind verschiedene\u00a0Blumen\u00a0aus demselben Garten\u201c und der Freundschaft zu ihrer Schwester inspiriert. Der minimalistische Stil der Illustration ist typisch f\u00fcr [&hellip;]<\/p>\n","protected":false},"author":1,"featured_media":0,"parent":0,"menu_order":0,"comment_status":"closed","ping_status":"closed","template":"","meta":{"footnotes":""},"class_list":["post-1514","page","type-page","status-publish","czr-hentry"],"_links":{"self":[{"href":"https:\/\/www.angerinitiative.de\/index.php?rest_route=\/wp\/v2\/pages\/1514","targetHints":{"allow":["GET"]}}],"collection":[{"href":"https:\/\/www.angerinitiative.de\/index.php?rest_route=\/wp\/v2\/pages"}],"about":[{"href":"https:\/\/www.angerinitiative.de\/index.php?rest_route=\/wp\/v2\/types\/page"}],"author":[{"embeddable":true,"href":"https:\/\/www.angerinitiative.de\/index.php?rest_route=\/wp\/v2\/users\/1"}],"replies":[{"embeddable":true,"href":"https:\/\/www.angerinitiative.de\/index.php?rest_route=%2Fwp%2Fv2%2Fcomments&post=1514"}],"version-history":[{"count":37,"href":"https:\/\/www.angerinitiative.de\/index.php?rest_route=\/wp\/v2\/pages\/1514\/revisions"}],"predecessor-version":[{"id":3074,"href":"https:\/\/www.angerinitiative.de\/index.php?rest_route=\/wp\/v2\/pages\/1514\/revisions\/3074"}],"wp:attachment":[{"href":"https:\/\/www.angerinitiative.de\/index.php?rest_route=%2Fwp%2Fv2%2Fmedia&parent=1514"}],"curies":[{"name":"wp","href":"https:\/\/api.w.org\/{rel}","templated":true}]}}