{"id":1061,"date":"2016-01-25T12:04:21","date_gmt":"2016-01-25T10:04:21","guid":{"rendered":"http:\/\/www.angerinitiative.de\/?page_id=1061"},"modified":"2018-07-03T15:01:00","modified_gmt":"2018-07-03T14:01:00","slug":"die-lagerfeuerstelle","status":"publish","type":"page","link":"https:\/\/www.angerinitiative.de\/?page_id=1061","title":{"rendered":"Die Lagerfeuerstelle"},"content":{"rendered":"<p style=\"padding-left: 30px;\"><a href=\"http:\/\/www.angerinitiative.de\/wp-content\/uploads\/2018\/07\/feuer.jpg\"><img loading=\"lazy\" decoding=\"async\" class=\"wp-image-1697 alignleft\" src=\"http:\/\/www.angerinitiative.de\/wp-content\/uploads\/2018\/07\/feuer-217x300.jpg\" alt=\"\" width=\"347\" height=\"480\" srcset=\"https:\/\/www.angerinitiative.de\/wp-content\/uploads\/2018\/07\/feuer-217x300.jpg 217w, https:\/\/www.angerinitiative.de\/wp-content\/uploads\/2018\/07\/feuer-768x1061.jpg 768w, https:\/\/www.angerinitiative.de\/wp-content\/uploads\/2018\/07\/feuer-741x1024.jpg 741w\" sizes=\"auto, (max-width: 347px) 100vw, 347px\" \/><\/a><\/p>\n<p style=\"padding-left: 60px;\"><span style=\"color: #f7f7f7;\">.<\/span><\/p>\n<p style=\"padding-left: 60px;\"><span style=\"color: #008000;\">Die Feuerstelle<\/span> ist besonders im Winter ein Mittelpunkt des Abenteuerspielplatzes.<\/p>\n<p style=\"padding-left: 60px;\">Hier kann man sich w\u00e4rmen, Stockbrot machen oder sich in der Dunkelheit einen Orientierungspunkt schaffen.<\/p>\n<p style=\"padding-left: 60px;\">Aber auch im Sommer kann man \u00fcber dem Feuer gemeinsam kochen, grillen und nat\u00fcrlich auch experimentieren.<br \/>\nFeuer machen darf jeder, allerdings wird darauf geachtet: Das Feuer bleibt in der Feuerstelle.<\/p>\n","protected":false},"excerpt":{"rendered":"<p>. Die Feuerstelle ist besonders im Winter ein Mittelpunkt des Abenteuerspielplatzes. Hier kann man sich w\u00e4rmen, Stockbrot machen oder sich in der Dunkelheit einen Orientierungspunkt schaffen. Aber auch im Sommer kann man \u00fcber dem Feuer gemeinsam kochen, grillen und nat\u00fcrlich auch experimentieren. Feuer machen darf jeder, allerdings wird darauf geachtet: Das Feuer bleibt in der [&hellip;]<\/p>\n","protected":false},"author":1,"featured_media":0,"parent":1048,"menu_order":0,"comment_status":"closed","ping_status":"closed","template":"","meta":{"footnotes":""},"class_list":["post-1061","page","type-page","status-publish","czr-hentry"],"_links":{"self":[{"href":"https:\/\/www.angerinitiative.de\/index.php?rest_route=\/wp\/v2\/pages\/1061","targetHints":{"allow":["GET"]}}],"collection":[{"href":"https:\/\/www.angerinitiative.de\/index.php?rest_route=\/wp\/v2\/pages"}],"about":[{"href":"https:\/\/www.angerinitiative.de\/index.php?rest_route=\/wp\/v2\/types\/page"}],"author":[{"embeddable":true,"href":"https:\/\/www.angerinitiative.de\/index.php?rest_route=\/wp\/v2\/users\/1"}],"replies":[{"embeddable":true,"href":"https:\/\/www.angerinitiative.de\/index.php?rest_route=%2Fwp%2Fv2%2Fcomments&post=1061"}],"version-history":[{"count":5,"href":"https:\/\/www.angerinitiative.de\/index.php?rest_route=\/wp\/v2\/pages\/1061\/revisions"}],"predecessor-version":[{"id":1698,"href":"https:\/\/www.angerinitiative.de\/index.php?rest_route=\/wp\/v2\/pages\/1061\/revisions\/1698"}],"up":[{"embeddable":true,"href":"https:\/\/www.angerinitiative.de\/index.php?rest_route=\/wp\/v2\/pages\/1048"}],"wp:attachment":[{"href":"https:\/\/www.angerinitiative.de\/index.php?rest_route=%2Fwp%2Fv2%2Fmedia&parent=1061"}],"curies":[{"name":"wp","href":"https:\/\/api.w.org\/{rel}","templated":true}]}}