{"id":1059,"date":"2016-01-25T12:03:40","date_gmt":"2016-01-25T10:03:40","guid":{"rendered":"http:\/\/www.angerinitiative.de\/?page_id=1059"},"modified":"2016-03-22T16:33:54","modified_gmt":"2016-03-22T14:33:54","slug":"der-fussballplatz","status":"publish","type":"page","link":"https:\/\/www.angerinitiative.de\/?page_id=1059","title":{"rendered":"Das Haus"},"content":{"rendered":"<p><span style=\"color: #339966;\"><strong>Der Werkraum<\/strong><\/span><\/p>\n<p>Eine kleine Werkstatt, in der bis zu sechs Kinder gleichzeitig arbeiten k\u00f6nnen, befindet sich im Kinderhaus der Angerinitiative.<br \/>\nHier gibt es nicht nur die unterschiedlichsten Materialien, wie Holz, Papier, Wolle, Bast, Ton, Perlen, Farben etc., sondern auch die verschiedensten Werkzeuge.<\/p>\n<p>Regelm\u00e4\u00dfige Bau- und Bastelangebote bilden hier einen Rahmen, in dem sich die Kinder ihren Nachmittag frei gestalten k\u00f6nnen.<\/p>\n<p>Die BetreuerInnen leisten Hilfestellung bei der Umsetzung von Ideen und leiten zum sachgerechten Umgang mit Werkzeugen und Maschinen an.<\/p>\n<p><span style=\"color: #339966;\"><strong>Das Spielzimmer<\/strong><\/span><\/p>\n<p>An kalten oder regnerischen Tagen kann man sich in unser kleines gem\u00fctlichliches Spielzimmer zur\u00fcckziehen. Hier k\u00f6nnen gemeinsam Brett- und Kartenspiele gespielt werden \u2013 oder einfach mal chillen und mit den Katzen schmusen.<\/p>\n<p><span style=\"color: #339966;\"><strong>Die K\u00fcche &#8211; gemeinsames Essen<\/strong><\/span><\/p>\n<p>F\u00fcr Kinder ist Essen nicht nur lebensnotwendig sondern bringt auch Spa\u00df und Genuss.<\/p>\n<p>Der Abschluss des Abenteuerspielplatzalltags ist eine gemeinsame Mahlzeit, die Kinder k\u00f6nnen selbst entscheiden was es zu essen gibt. Gemeinsam mit anderen haben sie die M\u00f6glichkeit die Lebensmittel zu kaufen und dann auch gemeinsam in unserer kleinen K\u00fcche zu zuberieten.<\/p>\n","protected":false},"excerpt":{"rendered":"<p>Der Werkraum Eine kleine Werkstatt, in der bis zu sechs Kinder gleichzeitig arbeiten k\u00f6nnen, befindet sich im Kinderhaus der Angerinitiative. Hier gibt es nicht nur die unterschiedlichsten Materialien, wie Holz, Papier, Wolle, Bast, Ton, Perlen, Farben etc., sondern auch die verschiedensten Werkzeuge. Regelm\u00e4\u00dfige Bau- und Bastelangebote bilden hier einen Rahmen, in dem sich die Kinder [&hellip;]<\/p>\n","protected":false},"author":1,"featured_media":0,"parent":1048,"menu_order":0,"comment_status":"closed","ping_status":"closed","template":"","meta":{"footnotes":""},"class_list":["post-1059","page","type-page","status-publish","czr-hentry"],"_links":{"self":[{"href":"https:\/\/www.angerinitiative.de\/index.php?rest_route=\/wp\/v2\/pages\/1059","targetHints":{"allow":["GET"]}}],"collection":[{"href":"https:\/\/www.angerinitiative.de\/index.php?rest_route=\/wp\/v2\/pages"}],"about":[{"href":"https:\/\/www.angerinitiative.de\/index.php?rest_route=\/wp\/v2\/types\/page"}],"author":[{"embeddable":true,"href":"https:\/\/www.angerinitiative.de\/index.php?rest_route=\/wp\/v2\/users\/1"}],"replies":[{"embeddable":true,"href":"https:\/\/www.angerinitiative.de\/index.php?rest_route=%2Fwp%2Fv2%2Fcomments&post=1059"}],"version-history":[{"count":5,"href":"https:\/\/www.angerinitiative.de\/index.php?rest_route=\/wp\/v2\/pages\/1059\/revisions"}],"predecessor-version":[{"id":1157,"href":"https:\/\/www.angerinitiative.de\/index.php?rest_route=\/wp\/v2\/pages\/1059\/revisions\/1157"}],"up":[{"embeddable":true,"href":"https:\/\/www.angerinitiative.de\/index.php?rest_route=\/wp\/v2\/pages\/1048"}],"wp:attachment":[{"href":"https:\/\/www.angerinitiative.de\/index.php?rest_route=%2Fwp%2Fv2%2Fmedia&parent=1059"}],"curies":[{"name":"wp","href":"https:\/\/api.w.org\/{rel}","templated":true}]}}