{"id":1055,"date":"2016-01-25T12:02:22","date_gmt":"2016-01-25T10:02:22","guid":{"rendered":"http:\/\/www.angerinitiative.de\/?page_id=1055"},"modified":"2016-03-22T16:35:15","modified_gmt":"2016-03-22T14:35:15","slug":"die-huetten","status":"publish","type":"page","link":"https:\/\/www.angerinitiative.de\/?page_id=1055","title":{"rendered":"Der H\u00fcttenbau"},"content":{"rendered":"<p>Der H\u00fcttenbau ist der weitaus gr\u00f6\u00dfte und nach au\u00dfen hin sichtbarste Bereich des Abenteuer-spielplatzes.<a href=\"http:\/\/www.angerinitiative.de\/wp-content\/uploads\/2014\/12\/IMG_1552.jpg\" rel=\"attachment wp-att-661\"><img loading=\"lazy\" decoding=\"async\" class=\" wp-image-661 alignright\" src=\"http:\/\/www.angerinitiative.de\/wp-content\/uploads\/2014\/12\/IMG_1552-300x225.jpg\" alt=\"IMG_1552\" width=\"508\" height=\"381\" srcset=\"https:\/\/www.angerinitiative.de\/wp-content\/uploads\/2014\/12\/IMG_1552-300x225.jpg 300w, https:\/\/www.angerinitiative.de\/wp-content\/uploads\/2014\/12\/IMG_1552-768x576.jpg 768w, https:\/\/www.angerinitiative.de\/wp-content\/uploads\/2014\/12\/IMG_1552-1024x768.jpg 1024w\" sizes=\"auto, (max-width: 508px) 100vw, 508px\" \/><\/a><\/p>\n<p>Sich mit Freunden eine eigene H\u00fctte zu bauen, ist f\u00fcr viele Kinder eine tolle Sache. Werkzeuge daf\u00fcr wie H\u00e4mmer, S\u00e4gen und Spaten, k\u00f6nnen aus- geliehen werden. Holz und N\u00e4gel, Schrauben oder Scharniere gibt es je nach Bedarf.<br \/>\nDie BetreuerInnen leisten &#8211; wenn erw\u00fcnscht &#8211; Hilfestellungen und geben Tipps zur Konstruktion und Statik.<\/p>\n<p>Wenn eine H\u00fctte fertig ist, wird diese in einen Lageplan eingetragen und mit den Kindern ein H\u00fcttenbauvertrag geschlossen. Darin werden die Be- sitzer der H\u00fctte namentlich festgehalten, sowie Rechte und Pflichten beschrieben. Wenn sich Kinder mehr als 6 Wochen nicht mehr um ihre H\u00fctte k\u00fcmmern, verlieren sie ihre Besitzanspr\u00fcche. Diese wird dann entweder an Interessierte weitergegeben oder eingerissen, damit das Bauholz f\u00fcr andere Kinder zur Verf\u00fcgung steht.<\/p>\n<p>Abgesehen vom rein Praktischen (wie baue ich eine H\u00fctte), ist es f\u00fcr viele Kinder durchaus fremd und nicht allt\u00e4glich, sich immer wieder aufs Neue mit seinen H\u00fcttenfreunden zusammenzufinden, miteinander gemeinsam auszukommen und gemeinsam Ideen zu entwickeln und zu verwirklichen.<\/p>\n","protected":false},"excerpt":{"rendered":"<p>Der H\u00fcttenbau ist der weitaus gr\u00f6\u00dfte und nach au\u00dfen hin sichtbarste Bereich des Abenteuer-spielplatzes. Sich mit Freunden eine eigene H\u00fctte zu bauen, ist f\u00fcr viele Kinder eine tolle Sache. Werkzeuge daf\u00fcr wie H\u00e4mmer, S\u00e4gen und Spaten, k\u00f6nnen aus- geliehen werden. Holz und N\u00e4gel, Schrauben oder Scharniere gibt es je nach Bedarf. Die BetreuerInnen leisten &#8211; [&hellip;]<\/p>\n","protected":false},"author":1,"featured_media":0,"parent":1048,"menu_order":0,"comment_status":"closed","ping_status":"closed","template":"","meta":{"footnotes":""},"class_list":["post-1055","page","type-page","status-publish","czr-hentry"],"_links":{"self":[{"href":"https:\/\/www.angerinitiative.de\/index.php?rest_route=\/wp\/v2\/pages\/1055","targetHints":{"allow":["GET"]}}],"collection":[{"href":"https:\/\/www.angerinitiative.de\/index.php?rest_route=\/wp\/v2\/pages"}],"about":[{"href":"https:\/\/www.angerinitiative.de\/index.php?rest_route=\/wp\/v2\/types\/page"}],"author":[{"embeddable":true,"href":"https:\/\/www.angerinitiative.de\/index.php?rest_route=\/wp\/v2\/users\/1"}],"replies":[{"embeddable":true,"href":"https:\/\/www.angerinitiative.de\/index.php?rest_route=%2Fwp%2Fv2%2Fcomments&post=1055"}],"version-history":[{"count":4,"href":"https:\/\/www.angerinitiative.de\/index.php?rest_route=\/wp\/v2\/pages\/1055\/revisions"}],"predecessor-version":[{"id":1159,"href":"https:\/\/www.angerinitiative.de\/index.php?rest_route=\/wp\/v2\/pages\/1055\/revisions\/1159"}],"up":[{"embeddable":true,"href":"https:\/\/www.angerinitiative.de\/index.php?rest_route=\/wp\/v2\/pages\/1048"}],"wp:attachment":[{"href":"https:\/\/www.angerinitiative.de\/index.php?rest_route=%2Fwp%2Fv2%2Fmedia&parent=1055"}],"curies":[{"name":"wp","href":"https:\/\/api.w.org\/{rel}","templated":true}]}}