{"id":1051,"date":"2016-01-25T12:01:35","date_gmt":"2016-01-25T10:01:35","guid":{"rendered":"http:\/\/www.angerinitiative.de\/?page_id=1051"},"modified":"2018-02-20T15:42:37","modified_gmt":"2018-02-20T14:42:37","slug":"der-platz","status":"publish","type":"page","link":"https:\/\/www.angerinitiative.de\/?page_id=1051","title":{"rendered":"Der Badepool"},"content":{"rendered":"<p><strong><span style=\"color: #339966;\">Das Schwimmbecken ist in der Sommerzeit ein Mittelpunkt unseres Abenteuerspielplatzes.<\/span><\/strong><a href=\"http:\/\/www.angerinitiative.de\/wp-content\/uploads\/2014\/12\/poolpixel.jpg\" rel=\"attachment wp-att-665\"><img loading=\"lazy\" decoding=\"async\" class=\"wp-image-665 alignleft\" src=\"http:\/\/www.angerinitiative.de\/wp-content\/uploads\/2014\/12\/poolpixel-300x225.jpg\" alt=\"poolpixel\" width=\"438\" height=\"329\" srcset=\"https:\/\/www.angerinitiative.de\/wp-content\/uploads\/2014\/12\/poolpixel-300x225.jpg 300w, https:\/\/www.angerinitiative.de\/wp-content\/uploads\/2014\/12\/poolpixel-768x576.jpg 768w, https:\/\/www.angerinitiative.de\/wp-content\/uploads\/2014\/12\/poolpixel-1024x768.jpg 1024w\" sizes=\"auto, (max-width: 438px) 100vw, 438px\" \/><\/a><\/p>\n<p>Wir haben zusammen ein gro\u00dfes Sandloch gebuddelt und mit einer LKW-Plane ausgekleidet. Die Wasserh\u00f6he betr\u00e4gt h\u00f6chstens einen Meter, so das auch Nichtschwimmer eine Abk\u00fchlung an hei\u00dfen Sommertagen genie\u00dfen k\u00f6nnen.<br \/>\nDas Wasser wird gemeinsam mit den BetreuerInnen und Kinder regelm\u00e4\u00dfig gewechselt.<\/p>\n<p>In den Pool ist genug Platz um ausgiebig zu planschen, au\u00dferdem haben wir eine kleine Wasserrutsche gebaut, mit der man in das \u201eK\u00fchle-Nass\u201c rutschen kann.<\/p>\n","protected":false},"excerpt":{"rendered":"<p>Das Schwimmbecken ist in der Sommerzeit ein Mittelpunkt unseres Abenteuerspielplatzes. Wir haben zusammen ein gro\u00dfes Sandloch gebuddelt und mit einer LKW-Plane ausgekleidet. Die Wasserh\u00f6he betr\u00e4gt h\u00f6chstens einen Meter, so das auch Nichtschwimmer eine Abk\u00fchlung an hei\u00dfen Sommertagen genie\u00dfen k\u00f6nnen. Das Wasser wird gemeinsam mit den BetreuerInnen und Kinder regelm\u00e4\u00dfig gewechselt. In den Pool ist genug [&hellip;]<\/p>\n","protected":false},"author":1,"featured_media":0,"parent":1048,"menu_order":0,"comment_status":"closed","ping_status":"closed","template":"","meta":{"footnotes":""},"class_list":["post-1051","page","type-page","status-publish","czr-hentry"],"_links":{"self":[{"href":"https:\/\/www.angerinitiative.de\/index.php?rest_route=\/wp\/v2\/pages\/1051","targetHints":{"allow":["GET"]}}],"collection":[{"href":"https:\/\/www.angerinitiative.de\/index.php?rest_route=\/wp\/v2\/pages"}],"about":[{"href":"https:\/\/www.angerinitiative.de\/index.php?rest_route=\/wp\/v2\/types\/page"}],"author":[{"embeddable":true,"href":"https:\/\/www.angerinitiative.de\/index.php?rest_route=\/wp\/v2\/users\/1"}],"replies":[{"embeddable":true,"href":"https:\/\/www.angerinitiative.de\/index.php?rest_route=%2Fwp%2Fv2%2Fcomments&post=1051"}],"version-history":[{"count":5,"href":"https:\/\/www.angerinitiative.de\/index.php?rest_route=\/wp\/v2\/pages\/1051\/revisions"}],"predecessor-version":[{"id":1638,"href":"https:\/\/www.angerinitiative.de\/index.php?rest_route=\/wp\/v2\/pages\/1051\/revisions\/1638"}],"up":[{"embeddable":true,"href":"https:\/\/www.angerinitiative.de\/index.php?rest_route=\/wp\/v2\/pages\/1048"}],"wp:attachment":[{"href":"https:\/\/www.angerinitiative.de\/index.php?rest_route=%2Fwp%2Fv2%2Fmedia&parent=1051"}],"curies":[{"name":"wp","href":"https:\/\/api.w.org\/{rel}","templated":true}]}}