{"id":1048,"date":"2016-01-25T12:01:03","date_gmt":"2016-01-25T10:01:03","guid":{"rendered":"http:\/\/www.angerinitiative.de\/?page_id=1048"},"modified":"2017-02-02T16:19:13","modified_gmt":"2017-02-02T14:19:13","slug":"unsere-bereiche-2","status":"publish","type":"page","link":"https:\/\/www.angerinitiative.de\/?page_id=1048","title":{"rendered":"Unsere Bereiche"},"content":{"rendered":"<p>Der Abenteuerspielplatz hat viele spannende Bereiche. Ein paar haben wir hier in verschiedenen Kategorien<\/p>\n<p>f\u00fcr euch ein bisschen genauer erkl\u00e4rt &#8211; F\u00fcr mehr Infos einfach auf den jeweiligen Bereich klicken.<\/p>\n<p>&nbsp;<\/p>\n","protected":false},"excerpt":{"rendered":"<p>Der Abenteuerspielplatz hat viele spannende Bereiche. Ein paar haben wir hier in verschiedenen Kategorien f\u00fcr euch ein bisschen genauer erkl\u00e4rt &#8211; F\u00fcr mehr Infos einfach auf den jeweiligen Bereich klicken. &nbsp;<\/p>\n","protected":false},"author":1,"featured_media":0,"parent":188,"menu_order":3,"comment_status":"closed","ping_status":"closed","template":"","meta":{"footnotes":""},"class_list":["post-1048","page","type-page","status-publish","czr-hentry"],"_links":{"self":[{"href":"https:\/\/www.angerinitiative.de\/index.php?rest_route=\/wp\/v2\/pages\/1048","targetHints":{"allow":["GET"]}}],"collection":[{"href":"https:\/\/www.angerinitiative.de\/index.php?rest_route=\/wp\/v2\/pages"}],"about":[{"href":"https:\/\/www.angerinitiative.de\/index.php?rest_route=\/wp\/v2\/types\/page"}],"author":[{"embeddable":true,"href":"https:\/\/www.angerinitiative.de\/index.php?rest_route=\/wp\/v2\/users\/1"}],"replies":[{"embeddable":true,"href":"https:\/\/www.angerinitiative.de\/index.php?rest_route=%2Fwp%2Fv2%2Fcomments&post=1048"}],"version-history":[{"count":4,"href":"https:\/\/www.angerinitiative.de\/index.php?rest_route=\/wp\/v2\/pages\/1048\/revisions"}],"predecessor-version":[{"id":1339,"href":"https:\/\/www.angerinitiative.de\/index.php?rest_route=\/wp\/v2\/pages\/1048\/revisions\/1339"}],"up":[{"embeddable":true,"href":"https:\/\/www.angerinitiative.de\/index.php?rest_route=\/wp\/v2\/pages\/188"}],"wp:attachment":[{"href":"https:\/\/www.angerinitiative.de\/index.php?rest_route=%2Fwp%2Fv2%2Fmedia&parent=1048"}],"curies":[{"name":"wp","href":"https:\/\/api.w.org\/{rel}","templated":true}]}}